{"id":2556,"date":"2019-10-28T21:15:37","date_gmt":"2019-10-28T21:15:37","guid":{"rendered":"https:\/\/www.apotheekhildegard.be\/?page_id=2556"},"modified":"2019-10-28T21:15:37","modified_gmt":"2019-10-28T21:15:37","slug":"bio-immun-genetica-2","status":"publish","type":"page","link":"https:\/\/www.apotheekhildegard.be\/fr\/bio-immun-genetica-2\/","title":{"rendered":"Bio-Immun-Genetica"},"content":{"rendered":"<div class=\"fusion-fullwidth fullwidth-box fusion-builder-row-1 nonhundred-percent-fullwidth non-hundred-percent-height-scrolling fusion-equal-height-columns\" style=\"background-color: rgba(255,255,255,0);background-position: left top;background-repeat: no-repeat;padding-top:60px;padding-right:0px;padding-bottom:100px;padding-left:0px;margin-bottom: 0px;margin-top: 0px;border-width: 0px 0px 0px 0px;border-color:#eae9e9;border-style:solid;\" ><div class=\"fusion-builder-row fusion-row\"><div class=\"fusion-layout-column fusion_builder_column fusion-builder-column-0 fusion_builder_column_2_3 2_3 fusion-two-third fusion-column-first\" style=\"width:65.3333%; margin-right: 4%;margin-top:0px;margin-bottom:30px;\"><div class=\"fusion-column-wrapper fusion-flex-column-wrapper-legacy\" style=\"background-position:left top;background-repeat:no-repeat;-webkit-background-size:cover;-moz-background-size:cover;-o-background-size:cover;background-size:cover;background-color:#ffffff;border:1px solid #dddddd;padding: 40px 40px 40px 40px;\"><div class=\"fusion-text fusion-text-1\"><h3 style=\"font-weight: 400;\"><strong>Bio-Immun-Genetica BI(G)Med<\/strong><\/h3>\n<div id=\"ConnectiveDocSignExtentionInstalled\" data-extension-version=\"1.0.4\"><\/div>\n<\/div><div class=\"fusion-text fusion-text-2\"><p><b>Bio-Immun-Genetica<\/b><\/p>\n<p><span style=\"font-weight: 400;\">Le d\u00e9veloppement spectaculaire de la biologie mol\u00e9culaire nous a permis de mieux conna\u00eetre les processus immunologiques et g\u00e9n\u00e9tiques \u00e0 l&rsquo;origine des maladies chroniques. C&rsquo;est une v\u00e9ritable r\u00e9volution pour la m\u00e9decine: nous sommes pass\u00e9s de l&rsquo;analyse de la maladie de l&rsquo;organe \u00e0 celle de la cellule. L&rsquo;origine de la maladie doit \u00eatre trouv\u00e9e dans la cellule: dans les mol\u00e9cules du cytoplasme, dans le noyau ou dans les mitochondries.<\/span><\/p>\n<p><span style=\"font-weight: 400;\">L&rsquo;immunologie et l&rsquo;\u00e9pig\u00e9n\u00e9tique sont \u00e0 la base de l&rsquo;explication de la maladie.<\/span><\/p>\n<p><span style=\"font-weight: 400;\">Avec les connaissances scientifiques acquises jusqu&rsquo;\u00e0 pr\u00e9sent, agir \u00e0 des fins r\u00e9glementaires est essentiel pour toute approche th\u00e9rapeutique. C&rsquo;est la base de la <\/span><b>m\u00e9decine bio-immuno-g\u00e9n\u00e9tique<\/b><span style=\"font-weight: 400;\">: la mise en \u0153uvre de ressources car la cellule peut restaurer son auto-r\u00e9gulation.<\/span><\/p>\n<p><span style=\"font-weight: 400;\">Cela n&rsquo;a rien \u00e0 voir avec la manipulation du g\u00e9nome ou des g\u00e8nes. <\/span><b>La m\u00e9decine bio-immuno-g\u00e9n\u00e9tique <\/b><span style=\"font-weight: 400;\">r\u00e9gule l&rsquo;expression des informations fournies par les g\u00e8nes pour les aider \u00e0 retrouver la sant\u00e9.<\/span><\/p>\n<p><span style=\"font-weight: 400;\">Les agents th\u00e9rapeutiques de <\/span><b>BI(G)MED<\/b><span style=\"font-weight: 400;\"> sont essentiellement form\u00e9s par l\u2019interf\u00e9rence de cytokines et d\u2019ARN \u00e0 des doses \u00ab\u00a0ultra faibles\u00a0\u00bb, dans la gamme des nanogrammes. Le r\u00e9sultat est la nanobioth\u00e9rapie, sans effets secondaires ind\u00e9sirables, car elle suit le mod\u00e8le de la distribution mol\u00e9culaire et de l&rsquo;expansion, dans l&rsquo;environnement intra et extracellulaire.<\/span><\/p>\n<p><span style=\"font-weight: 400;\">Le champ d\u2019application de <\/span><b>BI(G)MED<\/b><span style=\"font-weight: 400;\"> comprend la plupart des probl\u00e8mes de sant\u00e9:<\/span><\/p>\n<ul>\n<li style=\"font-weight: 400;\"><span style=\"font-weight: 400;\">Inflammations, en particulier d&rsquo;origine auto-immune<\/span><\/li>\n<\/ul>\n<ul>\n<li style=\"font-weight: 400;\"><span style=\"font-weight: 400;\">Infections de maladies bact\u00e9riennes, virales ou fongiques de nature chronique<\/span><\/li>\n<li style=\"font-weight: 400;\"><span style=\"font-weight: 400;\">Oncologie<\/span><\/li>\n<li style=\"font-weight: 400;\"><span style=\"font-weight: 400;\">Cardiovasculaire<\/span><\/li>\n<li style=\"font-weight: 400;\"><span style=\"font-weight: 400;\">M\u00e9tabolique<\/span><\/li>\n<li style=\"font-weight: 400;\"><span style=\"font-weight: 400;\">D\u00e9g\u00e9n\u00e9rescence sous toutes les formes possibles: digestion, neurologique, etc.<\/span><\/li>\n<li style=\"font-weight: 400;\"><span style=\"font-weight: 400;\">Les allergies<\/span><\/li>\n<\/ul>\n<\/div><div class=\"fusion-clearfix\"><\/div><\/div><\/div><div class=\"fusion-layout-column fusion_builder_column fusion-builder-column-1 fusion_builder_column_1_3 1_3 fusion-one-third fusion-column-last\" style=\"width:30.6666%;margin-top:0px;margin-bottom:30px;\"><div class=\"fusion-column-wrapper fusion-flex-column-wrapper-legacy\" style=\"background-position:left top;background-repeat:no-repeat;-webkit-background-size:cover;-moz-background-size:cover;-o-background-size:cover;background-size:cover;background-color:#ffffff;border-width: 1px 1px 1px 1px;border-color:#dddddd;border-style:solid;padding: 30px 30px 30px 30px;\"><div class=\"fusion-text fusion-text-3\"><h4 style=\"font-weight: 400; text-align: center;\"><span id=\"result_box\" class=\"short_text\" lang=\"fr\">Heures d\u2019ouverture<\/span><\/h4>\n<div id=\"ConnectiveDocSignExtentionInstalled\" data-extension-version=\"1.0.4\"><\/div>\n<\/div><div class=\"fusion-sep-clear\"><\/div><div class=\"fusion-separator fusion-full-width-sep\" style=\"margin-left: auto;margin-right: auto;margin-top:0px;margin-bottom:30px;width:100%;max-width:100%;\"><div class=\"fusion-separator-border sep-single sep-solid\" style=\"border-color:#3bafbf;border-top-width:2px;\"><\/div><\/div><div class=\"fusion-sep-clear\"><\/div><div class=\"fusion-text fusion-text-4\"><p><strong>Pharmacie<\/strong><\/p>\n<div class=\"table-2\">\n<table width=\"100%\">\n<tbody>\n<tr>\n<td style=\"text-align: left;\"><span id=\"result_box\" class=\"short_text\" lang=\"fr\"><span class=\"\">Lundi-Vendredi<\/span><\/span><\/td>\n<td style=\"text-align: right;\">9:00 \u2013 18:30<\/td>\n<\/tr>\n<\/tbody>\n<\/table>\n<\/div>\n<div id=\"ConnectiveDocSignExtentionInstalled\" data-extension-version=\"1.0.4\">\n<table style=\"height: 38px;\" width=\"1144\">\n<tbody>\n<tr>\n<td style=\"text-align: left;\"><span id=\"result_box\" class=\"short_text\" lang=\"fr\"><span class=\"\">Samedi\u00a0 \u00a0 \u00a0 \u00a0 \u00a0 \u00a0 \u00a0 \u00a0 \u00a0\u00a0<\/span><\/span><\/td>\n<td style=\"text-align: right;\">10:00 \u2013 13:00<\/td>\n<\/tr>\n<\/tbody>\n<\/table>\n<\/div>\n<\/div><div class=\"fusion-sep-clear\"><\/div><div class=\"fusion-separator fusion-full-width-sep\" style=\"margin-left: auto;margin-right: auto;margin-top:20px;width:100%;\"><\/div><div class=\"fusion-sep-clear\"><\/div><div class=\"fusion-text fusion-text-5\"><div data-extension-version=\"1.0.4\">\n<p><strong>Labo<\/strong><\/p>\n<div class=\"table-2\">\n<table width=\"100%\">\n<tbody>\n<tr>\n<td>\n<div id=\"gt-res-content\">\n<div id=\"gt-res-dir-ctr\" class=\"trans-verified-button-large\" dir=\"ltr\">\n<div id=\"tts_button\"><span id=\"result_box\" class=\"short_text\" lang=\"fr\"><span class=\"\">Lundi-Vendredi<\/span><\/span><\/div>\n<\/div>\n<\/div>\n<\/td>\n<td style=\"text-align: right;\">10:00 \u2013 12:30<\/td>\n<\/tr>\n<tr>\n<td><\/td>\n<td style=\"text-align: right;\">14:00 \u2013 17:00<\/td>\n<\/tr>\n<\/tbody>\n<\/table>\n<\/div>\n<\/div>\n<div id=\"ConnectiveDocSignExtentionInstalled\" data-extension-version=\"1.0.4\"><\/div>\n<\/div><div class=\"fusion-sep-clear\"><\/div><div class=\"fusion-separator fusion-full-width-sep\" style=\"margin-left: auto;margin-right: auto;margin-top:20px;width:100%;\"><\/div><div class=\"fusion-sep-clear\"><\/div><div class=\"fusion-text fusion-text-6\"><h4 style=\"font-weight: 400; text-align: center;\">Mail <a href=\"mailto:hildegard@hildegard.info\">hildegard@hildegard.info<\/a><\/h4>\n<p style=\"text-align: center;\">T\u00e9l Labo <a href=\"tel:003222153712\">00 32 2\u00a0215 37 12<\/a><\/p>\n<div id=\"ConnectiveDocSignExtentionInstalled\" data-extension-version=\"1.0.4\"><\/div>\n<\/div><div class=\"fusion-sep-clear\"><\/div><div class=\"fusion-separator fusion-full-width-sep\" style=\"margin-left: auto;margin-right: auto;margin-top:50px;width:100%;\"><\/div><div class=\"fusion-sep-clear\"><\/div><div class=\"fusion-text fusion-text-7\"><h4 style=\"font-weight: 400; text-align: center;\"><span id=\"result_box\" class=\"short_text\" lang=\"fr\"><span class=\"alt-edited\"><span class=\"st\">LOCALISATION<\/span><\/span><\/span><\/h4>\n<div id=\"ConnectiveDocSignExtentionInstalled\" data-extension-version=\"1.0.4\"><\/div>\n<\/div><div class=\"fusion-sep-clear\"><\/div><div class=\"fusion-separator fusion-full-width-sep\" style=\"margin-left: auto;margin-right: auto;margin-top:0px;margin-bottom:30px;width:100%;max-width:100%;\"><div class=\"fusion-separator-border sep-single sep-solid\" style=\"border-color:#3bafbf;border-top-width:2px;\"><\/div><\/div><div class=\"fusion-sep-clear\"><\/div><div class=\"fusion-sep-clear\"><\/div><div class=\"fusion-separator fusion-full-width-sep\" style=\"margin-left: auto;margin-right: auto;margin-top:30px;width:100%;\"><\/div><div class=\"fusion-sep-clear\"><\/div>\t\t\t\t\t<script type=\"text\/javascript\">\n\t\t\t\t\t\tvar map_fusion_map_69d670782fb76;\n\t\t\t\t\t\tvar markers = [];\n\t\t\t\t\t\tvar counter = 0;\n\t\t\t\t\t\t\t\t\t\t\t\t\t\t\t\t\t\t\t\tvar fusionMapNonce = 'c52e0d186d';\n\t\t\t\t\t\t\t\t\t\t\t\tfunction fusion_run_map_fusion_map_69d670782fb76() {\n\t\t\t\t\t\t\tjQuery('#fusion_map_69d670782fb76').fusion_maps({\n\t\t\t\t\t\t\t\taddresses: [{\"address\":\"50.8681985,4.3963517,17\",\"infobox_content\":\"August de Boeckstraat 45 , 1140 Evere Brussel\\nBelgi\\u00eb\",\"coordinates\":false,\"cache\":true,\"latitude\":\"50.8681985\",\"longitude\":\"4.3963517\"}],\n\t\t\t\t\t\t\t\tanimations: true,\n\t\t\t\t\t\t\t\tinfobox_background_color: '',\n\t\t\t\t\t\t\t\tinfobox_styling: 'default',\n\t\t\t\t\t\t\t\tinfobox_text_color: '',\n\t\t\t\t\t\t\t\tmap_style: 'custom',\n\t\t\t\t\t\t\t\tmap_type: 'roadmap',\n\t\t\t\t\t\t\t\tmarker_icon: '',\n\t\t\t\t\t\t\t\toverlay_color: '',\n\t\t\t\t\t\t\t\toverlay_color_hsl: {\"hue\":0,\"sat\":0,\"lum\":100},\n\t\t\t\t\t\t\t\tpan_control: true,\n\t\t\t\t\t\t\t\tshow_address: false,\n\t\t\t\t\t\t\t\tscale_control: true,\n\t\t\t\t\t\t\t\tscrollwheel: false,\n\t\t\t\t\t\t\t\tzoom: 14,\n\t\t\t\t\t\t\t\tzoom_control: true,\n\t\t\t\t\t\t\t});\n\t\t\t\t\t\t}\n\n\t\t\t\t\t\tgoogle.maps.event.addDomListener(window, 'load', fusion_run_map_fusion_map_69d670782fb76);\n\t\t\t\t\t<\/script>\n\t\t\t\t\t<div class=\"shortcode-map fusion-google-map fusion-maps-js-type\" id=\"fusion_map_69d670782fb76\" style=\"height:300px;width:100%;\"><\/div><div class=\"fusion-clearfix\"><\/div><\/div><\/div>\n<\/div><\/div>\n","protected":false},"excerpt":{"rendered":"","protected":false},"author":7,"featured_media":0,"parent":0,"menu_order":0,"comment_status":"closed","ping_status":"closed","template":"100-width.php","meta":{"footnotes":""},"class_list":["post-2556","page","type-page","status-publish","hentry"],"yoast_head":"<!-- This site is optimized with the Yoast SEO plugin v27.3 - https:\/\/yoast.com\/product\/yoast-seo-wordpress\/ -->\n<title>Bio-Immun-Genetica - Apotheek Hildegard<\/title>\n<meta name=\"robots\" content=\"index, follow, max-snippet:-1, max-image-preview:large, max-video-preview:-1\" \/>\n<link rel=\"canonical\" href=\"https:\/\/www.apotheekhildegard.be\/fr\/bio-immun-genetica-2\/\" \/>\n<meta property=\"og:locale\" content=\"fr_FR\" \/>\n<meta property=\"og:type\" content=\"article\" \/>\n<meta property=\"og:title\" content=\"Bio-Immun-Genetica - Apotheek Hildegard\" \/>\n<meta property=\"og:url\" content=\"https:\/\/www.apotheekhildegard.be\/fr\/bio-immun-genetica-2\/\" \/>\n<meta property=\"og:site_name\" content=\"Apotheek Hildegard\" \/>\n<meta name=\"twitter:card\" content=\"summary_large_image\" \/>\n<meta name=\"twitter:label1\" content=\"Dur\u00e9e de lecture estim\u00e9e\" \/>\n\t<meta name=\"twitter:data1\" content=\"3 minutes\" \/>\n<script type=\"application\/ld+json\" class=\"yoast-schema-graph\">{\"@context\":\"https:\\\/\\\/schema.org\",\"@graph\":[{\"@type\":\"WebPage\",\"@id\":\"https:\\\/\\\/www.apotheekhildegard.be\\\/fr\\\/bio-immun-genetica-2\\\/\",\"url\":\"https:\\\/\\\/www.apotheekhildegard.be\\\/fr\\\/bio-immun-genetica-2\\\/\",\"name\":\"Bio-Immun-Genetica - Apotheek Hildegard\",\"isPartOf\":{\"@id\":\"https:\\\/\\\/www.apotheekhildegard.be\\\/fr\\\/#website\"},\"datePublished\":\"2019-10-28T21:15:37+00:00\",\"breadcrumb\":{\"@id\":\"https:\\\/\\\/www.apotheekhildegard.be\\\/fr\\\/bio-immun-genetica-2\\\/#breadcrumb\"},\"inLanguage\":\"fr-FR\",\"potentialAction\":[{\"@type\":\"ReadAction\",\"target\":[\"https:\\\/\\\/www.apotheekhildegard.be\\\/fr\\\/bio-immun-genetica-2\\\/\"]}]},{\"@type\":\"BreadcrumbList\",\"@id\":\"https:\\\/\\\/www.apotheekhildegard.be\\\/fr\\\/bio-immun-genetica-2\\\/#breadcrumb\",\"itemListElement\":[{\"@type\":\"ListItem\",\"position\":1,\"name\":\"Home\",\"item\":\"https:\\\/\\\/www.apotheekhildegard.be\\\/fr\\\/\"},{\"@type\":\"ListItem\",\"position\":2,\"name\":\"Bio-Immun-Genetica\"}]},{\"@type\":\"WebSite\",\"@id\":\"https:\\\/\\\/www.apotheekhildegard.be\\\/fr\\\/#website\",\"url\":\"https:\\\/\\\/www.apotheekhildegard.be\\\/fr\\\/\",\"name\":\"Apotheek Hildegard\",\"description\":\"\",\"publisher\":{\"@id\":\"https:\\\/\\\/www.apotheekhildegard.be\\\/fr\\\/#organization\"},\"potentialAction\":[{\"@type\":\"SearchAction\",\"target\":{\"@type\":\"EntryPoint\",\"urlTemplate\":\"https:\\\/\\\/www.apotheekhildegard.be\\\/fr\\\/?s={search_term_string}\"},\"query-input\":{\"@type\":\"PropertyValueSpecification\",\"valueRequired\":true,\"valueName\":\"search_term_string\"}}],\"inLanguage\":\"fr-FR\"},{\"@type\":\"Organization\",\"@id\":\"https:\\\/\\\/www.apotheekhildegard.be\\\/fr\\\/#organization\",\"name\":\"Hildegard\",\"url\":\"https:\\\/\\\/www.apotheekhildegard.be\\\/fr\\\/\",\"logo\":{\"@type\":\"ImageObject\",\"inLanguage\":\"fr-FR\",\"@id\":\"https:\\\/\\\/www.apotheekhildegard.be\\\/fr\\\/#\\\/schema\\\/logo\\\/image\\\/\",\"url\":\"https:\\/\\/www.apotheekhildegard.be\\/wp-content\\/uploads\\/2018\\/10\\/Apotheek-FR-NLGrijs.png\",\"contentUrl\":\"https:\\/\\/www.apotheekhildegard.be\\/wp-content\\/uploads\\/2018\\/10\\/Apotheek-FR-NLGrijs.png\",\"width\":1414,\"height\":528,\"caption\":\"Hildegard\"},\"image\":{\"@id\":\"https:\\\/\\\/www.apotheekhildegard.be\\\/fr\\\/#\\\/schema\\\/logo\\\/image\\\/\"}}]}<\/script>\n<!-- \/ Yoast SEO plugin. -->","yoast_head_json":{"title":"Bio-Immun-Genetica - Apotheek Hildegard","robots":{"index":"index","follow":"follow","max-snippet":"max-snippet:-1","max-image-preview":"max-image-preview:large","max-video-preview":"max-video-preview:-1"},"canonical":"https:\/\/www.apotheekhildegard.be\/fr\/bio-immun-genetica-2\/","og_locale":"fr_FR","og_type":"article","og_title":"Bio-Immun-Genetica - Apotheek Hildegard","og_url":"https:\/\/www.apotheekhildegard.be\/fr\/bio-immun-genetica-2\/","og_site_name":"Apotheek Hildegard","twitter_card":"summary_large_image","twitter_misc":{"Dur\u00e9e de lecture estim\u00e9e":"3 minutes"},"schema":{"@context":"https:\/\/schema.org","@graph":[{"@type":"WebPage","@id":"https:\/\/www.apotheekhildegard.be\/fr\/bio-immun-genetica-2\/","url":"https:\/\/www.apotheekhildegard.be\/fr\/bio-immun-genetica-2\/","name":"Bio-Immun-Genetica - Apotheek Hildegard","isPartOf":{"@id":"https:\/\/www.apotheekhildegard.be\/fr\/#website"},"datePublished":"2019-10-28T21:15:37+00:00","breadcrumb":{"@id":"https:\/\/www.apotheekhildegard.be\/fr\/bio-immun-genetica-2\/#breadcrumb"},"inLanguage":"fr-FR","potentialAction":[{"@type":"ReadAction","target":["https:\/\/www.apotheekhildegard.be\/fr\/bio-immun-genetica-2\/"]}]},{"@type":"BreadcrumbList","@id":"https:\/\/www.apotheekhildegard.be\/fr\/bio-immun-genetica-2\/#breadcrumb","itemListElement":[{"@type":"ListItem","position":1,"name":"Home","item":"https:\/\/www.apotheekhildegard.be\/fr\/"},{"@type":"ListItem","position":2,"name":"Bio-Immun-Genetica"}]},{"@type":"WebSite","@id":"https:\/\/www.apotheekhildegard.be\/fr\/#website","url":"https:\/\/www.apotheekhildegard.be\/fr\/","name":"Apotheek Hildegard","description":"","publisher":{"@id":"https:\/\/www.apotheekhildegard.be\/fr\/#organization"},"potentialAction":[{"@type":"SearchAction","target":{"@type":"EntryPoint","urlTemplate":"https:\/\/www.apotheekhildegard.be\/fr\/?s={search_term_string}"},"query-input":{"@type":"PropertyValueSpecification","valueRequired":true,"valueName":"search_term_string"}}],"inLanguage":"fr-FR"},{"@type":"Organization","@id":"https:\/\/www.apotheekhildegard.be\/fr\/#organization","name":"Hildegard","url":"https:\/\/www.apotheekhildegard.be\/fr\/","logo":{"@type":"ImageObject","inLanguage":"fr-FR","@id":"https:\/\/www.apotheekhildegard.be\/fr\/#\/schema\/logo\/image\/","url":"https:\/\/mlau4lb7mmd5.i.optimole.com\/w:auto\/h:auto\/q:mauto\/f:best\/ig:avif\/https:\/\/www.apotheekhildegard.be\/wp-content\/uploads\/2018\/10\/Apotheek-FR-NLGrijs.png","contentUrl":"https:\/\/mlau4lb7mmd5.i.optimole.com\/w:auto\/h:auto\/q:mauto\/f:best\/ig:avif\/https:\/\/www.apotheekhildegard.be\/wp-content\/uploads\/2018\/10\/Apotheek-FR-NLGrijs.png","width":1414,"height":528,"caption":"Hildegard"},"image":{"@id":"https:\/\/www.apotheekhildegard.be\/fr\/#\/schema\/logo\/image\/"}}]}},"_links":{"self":[{"href":"https:\/\/www.apotheekhildegard.be\/fr\/wp-json\/wp\/v2\/pages\/2556","targetHints":{"allow":["GET"]}}],"collection":[{"href":"https:\/\/www.apotheekhildegard.be\/fr\/wp-json\/wp\/v2\/pages"}],"about":[{"href":"https:\/\/www.apotheekhildegard.be\/fr\/wp-json\/wp\/v2\/types\/page"}],"author":[{"embeddable":true,"href":"https:\/\/www.apotheekhildegard.be\/fr\/wp-json\/wp\/v2\/users\/7"}],"replies":[{"embeddable":true,"href":"https:\/\/www.apotheekhildegard.be\/fr\/wp-json\/wp\/v2\/comments?post=2556"}],"version-history":[{"count":1,"href":"https:\/\/www.apotheekhildegard.be\/fr\/wp-json\/wp\/v2\/pages\/2556\/revisions"}],"predecessor-version":[{"id":2617,"href":"https:\/\/www.apotheekhildegard.be\/fr\/wp-json\/wp\/v2\/pages\/2556\/revisions\/2617"}],"wp:attachment":[{"href":"https:\/\/www.apotheekhildegard.be\/fr\/wp-json\/wp\/v2\/media?parent=2556"}],"curies":[{"name":"wp","href":"https:\/\/api.w.org\/{rel}","templated":true}]}}