{"id":1088,"date":"2018-09-02T15:36:36","date_gmt":"2018-09-02T15:36:36","guid":{"rendered":"https:\/\/www.apotheekhildegard.be\/?page_id=1088"},"modified":"2018-12-18T09:18:41","modified_gmt":"2018-12-18T09:18:41","slug":"micro-immunotherapie","status":"publish","type":"page","link":"https:\/\/www.apotheekhildegard.be\/fr\/micro-immunotherapie\/","title":{"rendered":"Micro-immunoth\u00e9rapie"},"content":{"rendered":"<div class=\"fusion-fullwidth fullwidth-box fusion-builder-row-1 nonhundred-percent-fullwidth non-hundred-percent-height-scrolling fusion-equal-height-columns\" style=\"background-color: rgba(255,255,255,0);background-position: left top;background-repeat: no-repeat;padding-top:60px;padding-right:0px;padding-bottom:100px;padding-left:0px;margin-bottom: 0px;margin-top: 0px;border-width: 0px 0px 0px 0px;border-color:#eae9e9;border-style:solid;\" ><div class=\"fusion-builder-row fusion-row\"><div class=\"fusion-layout-column fusion_builder_column fusion-builder-column-0 fusion_builder_column_2_3 2_3 fusion-two-third fusion-column-first\" style=\"width:65.3333%; margin-right: 4%;margin-top:0px;margin-bottom:30px;\"><div class=\"fusion-column-wrapper fusion-flex-column-wrapper-legacy\" style=\"background-position:left top;background-repeat:no-repeat;-webkit-background-size:cover;-moz-background-size:cover;-o-background-size:cover;background-size:cover;background-color:#ffffff;border:1px solid #dddddd;padding: 40px 40px 40px 40px;\"><div class=\"fusion-text fusion-text-1\"><h3><strong>Micro-immunoth\u00e9rapie<\/strong><\/h3>\n<div id=\"ConnectiveDocSignExtentionInstalled\" data-extension-version=\"1.0.4\"><\/div>\n<\/div><div class=\"fusion-text fusion-text-2\"><p><strong>Concept\u00a0:<\/strong><\/p>\n<p>La micro-immunoth\u00e9rapie est une th\u00e9rapie qui vise \u00e0 r\u00e9tablir une communication correcte entre les cellules du syst\u00e8me immunitaire. Elle utilise les m\u00eames messagers que le syst\u00e8me immunitaire pour l\u2019aider \u00e0 retrouver sa capacit\u00e9 naturelle de d\u00e9fense face aux agresseurs ou \u00e0 diminuer sa r\u00e9action lorsqu\u2019elle est excessive.<\/p>\n<p>Elle peut \u00eatre tr\u00e8s utile dans les maladies, aigues ou chroniques, li\u00e9es \u00e0 un d\u00e9s\u00e9quilibre du syst\u00e8me immunitaire. Ces maladies peuvent \u00eatre d\u2019origine infectieuse, oncologique ou auto-immune. Elle est compatible avec d\u2019autres traitements car elle ne remplace jamais le syst\u00e8me immunitaire.<\/p>\n<p>La micro-immunoth\u00e9rapie peut aussi bien \u00eatre utilis\u00e9e en pr\u00e9ventif qu\u2019en curatif. Chaque patient peut r\u00e9agir diff\u00e9remment \u00e0 ce traitement \u00e9tant donn\u00e9 que chaque individu a son propre syst\u00e8me immunitaire. Des r\u00e9actions inattendues peuvent appara\u00eetre, mais celles-ci sont sans gravit\u00e9. Etant donn\u00e9 que chaque patient a son propre syst\u00e8me immunitaire, chaque patient peut r\u00e9agir diff\u00e9remment \u00e0 ce traitement. des r\u00e9actions inattendues, mais sans gravit\u00e9.<\/p>\n<p>Puisque chaque patient a son propre syst\u00e8me immunitaire, chaque patient peut r\u00e9agir diff\u00e9remment \u00e0 ce traitement. S&rsquo;il y a des r\u00e9actions, elles ne sont g\u00e9n\u00e9ralement pas graves.<\/p>\n<p><strong>Posologie et mode d\u2019administration\u00a0:<\/strong><\/p>\n<p>Le traitement est relativement long car le syst\u00e8me immunitaire met un certain temps \u00e0 r\u00e9agir. Sa complexit\u00e9 l\u2019emp\u00eache de r\u00e9agir simultan\u00e9ment de fa\u00e7on rapide et profonde. Cela signifie que le traitement moyen dure de 3 \u00e0 9 mois, si pas plus.<\/p>\n<p>Le traitement consiste en la prise de prot\u00e9ines \u00e0 tr\u00e8s faibles dosages, qui correspondent aux premi\u00e8res dilutions utilis\u00e9es par l\u2019hom\u00e9opathie. C\u2019est donc sur un support de granules de type hom\u00e9opathique que ces mol\u00e9cules sont prises par voie sublinguale.<\/p>\n<p>Les rem\u00e8des sont pris selon un ordre bien d\u00e9termin\u00e9, afin d\u2019imiter ce qui se passe de mani\u00e8re naturelle dans l\u2019organisme. Les niveaux de dilution utilis\u00e9s et les principes actifs peuvent donc varier au sein d\u2019une m\u00eame formule.\u00a0 L&rsquo;ordre de prise est donc tr\u00e8s important.<\/p>\n<p><strong>Fabrication des rem\u00e8des de micro-immunoth\u00e9rapie et dilutions\u00a0:<\/strong><\/p>\n<p>Les formules de micro-immunoth\u00e9rapie utilisent une large gamme de principes immunitaires (hormones, cytokines, neurom\u00e9diateurs, Interleukines (IL\u2026.), RNA, Interf\u00e9ron) d\u00e9nomm\u00e9s \u00ab\u00a0messagers\u00a0\u00bb. Ceux-ci sont pr\u00e9par\u00e9s en basse concentration selon un processus de dilution-dynamisation, ce qui assure un processus de dilution-dynamisation qui assur une bonne tol\u00e9rance.<\/p>\n<div id=\"ConnectiveDocSignExtentionInstalled\" data-extension-version=\"1.0.4\"><\/div>\n<\/div><div class=\"fusion-clearfix\"><\/div><\/div><\/div><div class=\"fusion-layout-column fusion_builder_column fusion-builder-column-1 fusion_builder_column_1_3 1_3 fusion-one-third fusion-column-last\" style=\"width:30.6666%;margin-top:0px;margin-bottom:30px;\"><div class=\"fusion-column-wrapper fusion-flex-column-wrapper-legacy\" style=\"background-position:left top;background-repeat:no-repeat;-webkit-background-size:cover;-moz-background-size:cover;-o-background-size:cover;background-size:cover;background-color:#ffffff;border-width: 1px 1px 1px 1px;border-color:#dddddd;border-style:solid;padding: 30px 30px 30px 30px;\"><div class=\"fusion-text fusion-text-3\"><h4 style=\"font-weight: 400; text-align: center;\"><span id=\"result_box\" class=\"short_text\" lang=\"fr\">Heures d\u2019ouverture<\/span><\/h4>\n<div id=\"ConnectiveDocSignExtentionInstalled\" data-extension-version=\"1.0.4\"><\/div>\n<\/div><div class=\"fusion-sep-clear\"><\/div><div class=\"fusion-separator fusion-full-width-sep\" style=\"margin-left: auto;margin-right: auto;margin-top:0px;margin-bottom:30px;width:100%;max-width:100%;\"><div class=\"fusion-separator-border sep-single sep-solid\" style=\"border-color:#3bafbf;border-top-width:2px;\"><\/div><\/div><div class=\"fusion-sep-clear\"><\/div><div class=\"fusion-text fusion-text-4\"><p><strong>Pharmacie<\/strong><\/p>\n<div class=\"table-2\">\n<table width=\"100%\">\n<tbody>\n<tr>\n<td style=\"text-align: left;\"><span id=\"result_box\" class=\"short_text\" lang=\"fr\"><span class=\"\">Lundi-Vendredi<\/span><\/span><\/td>\n<td style=\"text-align: right;\">9:00 \u2013 18:30<\/td>\n<\/tr>\n<\/tbody>\n<\/table>\n<\/div>\n<div id=\"ConnectiveDocSignExtentionInstalled\" data-extension-version=\"1.0.4\">\n<table style=\"height: 38px;\" width=\"1144\">\n<tbody>\n<tr>\n<td style=\"text-align: left;\"><span id=\"result_box\" class=\"short_text\" lang=\"fr\"><span class=\"\">Samedi\u00a0 \u00a0 \u00a0 \u00a0 \u00a0 \u00a0 \u00a0 \u00a0 \u00a0\u00a0<\/span><\/span><\/td>\n<td style=\"text-align: right;\">10:00 \u2013 13:00<\/td>\n<\/tr>\n<\/tbody>\n<\/table>\n<\/div>\n<\/div><div class=\"fusion-sep-clear\"><\/div><div class=\"fusion-separator fusion-full-width-sep\" style=\"margin-left: auto;margin-right: auto;margin-top:20px;width:100%;\"><\/div><div class=\"fusion-sep-clear\"><\/div><div class=\"fusion-text fusion-text-5\"><div data-extension-version=\"1.0.4\">\n<p><strong>Labo<\/strong><\/p>\n<div class=\"table-2\">\n<table width=\"100%\">\n<tbody>\n<tr>\n<td>\n<div id=\"gt-res-content\">\n<div id=\"gt-res-dir-ctr\" class=\"trans-verified-button-large\" dir=\"ltr\">\n<div id=\"tts_button\"><span id=\"result_box\" class=\"short_text\" lang=\"fr\"><span class=\"\">Lundi-Vendredi<\/span><\/span><\/div>\n<\/div>\n<\/div>\n<\/td>\n<td style=\"text-align: right;\">10:00 \u2013 12:30<\/td>\n<\/tr>\n<tr>\n<td><\/td>\n<td style=\"text-align: right;\">14:00 \u2013 17:00<\/td>\n<\/tr>\n<\/tbody>\n<\/table>\n<\/div>\n<\/div>\n<div id=\"ConnectiveDocSignExtentionInstalled\" data-extension-version=\"1.0.4\"><\/div>\n<\/div><div class=\"fusion-sep-clear\"><\/div><div class=\"fusion-separator fusion-full-width-sep\" style=\"margin-left: auto;margin-right: auto;margin-top:20px;width:100%;\"><\/div><div class=\"fusion-sep-clear\"><\/div><div class=\"fusion-text fusion-text-6\"><h4 style=\"font-weight: 400; text-align: center;\">Mail <a href=\"mailto:hildegard@hildegard.info\">hildegard@hildegard.info<\/a><\/h4>\n<p style=\"text-align: center;\">T\u00e9l Labo <a href=\"tel:003222153712\">00 32 2\u00a0215 37 12<\/a><\/p>\n<div id=\"ConnectiveDocSignExtentionInstalled\" data-extension-version=\"1.0.4\"><\/div>\n<\/div><div class=\"fusion-sep-clear\"><\/div><div class=\"fusion-separator fusion-full-width-sep\" style=\"margin-left: auto;margin-right: auto;margin-top:50px;width:100%;\"><\/div><div class=\"fusion-sep-clear\"><\/div><div class=\"fusion-text fusion-text-7\"><h4 style=\"font-weight: 400; text-align: center;\"><span id=\"result_box\" class=\"short_text\" lang=\"fr\"><span class=\"alt-edited\"><span class=\"st\">LOCALISATION<\/span><\/span><\/span><\/h4>\n<div id=\"ConnectiveDocSignExtentionInstalled\" data-extension-version=\"1.0.4\"><\/div>\n<\/div><div class=\"fusion-sep-clear\"><\/div><div class=\"fusion-separator fusion-full-width-sep\" style=\"margin-left: auto;margin-right: auto;margin-top:0px;margin-bottom:30px;width:100%;max-width:100%;\"><div class=\"fusion-separator-border sep-single sep-solid\" style=\"border-color:#3bafbf;border-top-width:2px;\"><\/div><\/div><div class=\"fusion-sep-clear\"><\/div><div class=\"fusion-sep-clear\"><\/div><div class=\"fusion-separator fusion-full-width-sep\" style=\"margin-left: auto;margin-right: auto;margin-top:30px;width:100%;\"><\/div><div class=\"fusion-sep-clear\"><\/div>\t\t\t\t\t<script type=\"text\/javascript\">\n\t\t\t\t\t\tvar map_fusion_map_69e1ed3f00cab;\n\t\t\t\t\t\tvar markers = [];\n\t\t\t\t\t\tvar counter = 0;\n\t\t\t\t\t\t\t\t\t\t\t\t\t\t\t\t\t\t\t\tvar fusionMapNonce = 'f723157c24';\n\t\t\t\t\t\t\t\t\t\t\t\tfunction fusion_run_map_fusion_map_69e1ed3f00cab() {\n\t\t\t\t\t\t\tjQuery('#fusion_map_69e1ed3f00cab').fusion_maps({\n\t\t\t\t\t\t\t\taddresses: [{\"address\":\"50.8681985,4.3963517,17\",\"infobox_content\":\"August de Boeckstraat 45 , 1140 Evere Brussel\\nBelgi\\u00eb\",\"coordinates\":false,\"cache\":true,\"latitude\":\"50.8681985\",\"longitude\":\"4.3963517\"}],\n\t\t\t\t\t\t\t\tanimations: true,\n\t\t\t\t\t\t\t\tinfobox_background_color: '',\n\t\t\t\t\t\t\t\tinfobox_styling: 'default',\n\t\t\t\t\t\t\t\tinfobox_text_color: '',\n\t\t\t\t\t\t\t\tmap_style: 'custom',\n\t\t\t\t\t\t\t\tmap_type: 'roadmap',\n\t\t\t\t\t\t\t\tmarker_icon: '',\n\t\t\t\t\t\t\t\toverlay_color: '',\n\t\t\t\t\t\t\t\toverlay_color_hsl: {\"hue\":0,\"sat\":0,\"lum\":100},\n\t\t\t\t\t\t\t\tpan_control: true,\n\t\t\t\t\t\t\t\tshow_address: false,\n\t\t\t\t\t\t\t\tscale_control: true,\n\t\t\t\t\t\t\t\tscrollwheel: false,\n\t\t\t\t\t\t\t\tzoom: 14,\n\t\t\t\t\t\t\t\tzoom_control: true,\n\t\t\t\t\t\t\t});\n\t\t\t\t\t\t}\n\n\t\t\t\t\t\tgoogle.maps.event.addDomListener(window, 'load', fusion_run_map_fusion_map_69e1ed3f00cab);\n\t\t\t\t\t<\/script>\n\t\t\t\t\t<div class=\"shortcode-map fusion-google-map fusion-maps-js-type\" id=\"fusion_map_69e1ed3f00cab\" style=\"height:300px;width:100%;\"><\/div><div class=\"fusion-clearfix\"><\/div><\/div><\/div>\n<\/div><\/div>\n","protected":false},"excerpt":{"rendered":"","protected":false},"author":7,"featured_media":0,"parent":0,"menu_order":0,"comment_status":"closed","ping_status":"closed","template":"100-width.php","meta":{"footnotes":""},"class_list":["post-1088","page","type-page","status-publish","hentry"],"yoast_head":"<!-- This site is optimized with the Yoast SEO plugin v27.4 - https:\/\/yoast.com\/product\/yoast-seo-wordpress\/ -->\n<title>Micro-immunoth\u00e9rapie - Apotheek Hildegard<\/title>\n<meta name=\"robots\" content=\"index, follow, max-snippet:-1, max-image-preview:large, max-video-preview:-1\" \/>\n<link rel=\"canonical\" href=\"https:\/\/www.apotheekhildegard.be\/fr\/micro-immunotherapie\/\" \/>\n<meta property=\"og:locale\" content=\"fr_FR\" \/>\n<meta property=\"og:type\" content=\"article\" \/>\n<meta property=\"og:title\" content=\"Micro-immunoth\u00e9rapie - Apotheek Hildegard\" \/>\n<meta property=\"og:url\" content=\"https:\/\/www.apotheekhildegard.be\/fr\/micro-immunotherapie\/\" \/>\n<meta property=\"og:site_name\" content=\"Apotheek Hildegard\" \/>\n<meta property=\"article:modified_time\" content=\"2018-12-18T09:18:41+00:00\" \/>\n<meta name=\"twitter:card\" content=\"summary_large_image\" \/>\n<meta name=\"twitter:label1\" content=\"Dur\u00e9e de lecture estim\u00e9e\" \/>\n\t<meta name=\"twitter:data1\" content=\"3 minutes\" \/>\n<script type=\"application\/ld+json\" class=\"yoast-schema-graph\">{\"@context\":\"https:\\\/\\\/schema.org\",\"@graph\":[{\"@type\":\"WebPage\",\"@id\":\"https:\\\/\\\/www.apotheekhildegard.be\\\/fr\\\/micro-immunotherapie\\\/\",\"url\":\"https:\\\/\\\/www.apotheekhildegard.be\\\/fr\\\/micro-immunotherapie\\\/\",\"name\":\"Micro-immunoth\u00e9rapie - Apotheek Hildegard\",\"isPartOf\":{\"@id\":\"https:\\\/\\\/www.apotheekhildegard.be\\\/fr\\\/#website\"},\"datePublished\":\"2018-09-02T15:36:36+00:00\",\"dateModified\":\"2018-12-18T09:18:41+00:00\",\"breadcrumb\":{\"@id\":\"https:\\\/\\\/www.apotheekhildegard.be\\\/fr\\\/micro-immunotherapie\\\/#breadcrumb\"},\"inLanguage\":\"fr-FR\",\"potentialAction\":[{\"@type\":\"ReadAction\",\"target\":[\"https:\\\/\\\/www.apotheekhildegard.be\\\/fr\\\/micro-immunotherapie\\\/\"]}]},{\"@type\":\"BreadcrumbList\",\"@id\":\"https:\\\/\\\/www.apotheekhildegard.be\\\/fr\\\/micro-immunotherapie\\\/#breadcrumb\",\"itemListElement\":[{\"@type\":\"ListItem\",\"position\":1,\"name\":\"Home\",\"item\":\"https:\\\/\\\/www.apotheekhildegard.be\\\/fr\\\/\"},{\"@type\":\"ListItem\",\"position\":2,\"name\":\"Micro-immunoth\u00e9rapie\"}]},{\"@type\":\"WebSite\",\"@id\":\"https:\\\/\\\/www.apotheekhildegard.be\\\/fr\\\/#website\",\"url\":\"https:\\\/\\\/www.apotheekhildegard.be\\\/fr\\\/\",\"name\":\"Apotheek Hildegard\",\"description\":\"\",\"publisher\":{\"@id\":\"https:\\\/\\\/www.apotheekhildegard.be\\\/fr\\\/#organization\"},\"potentialAction\":[{\"@type\":\"SearchAction\",\"target\":{\"@type\":\"EntryPoint\",\"urlTemplate\":\"https:\\\/\\\/www.apotheekhildegard.be\\\/fr\\\/?s={search_term_string}\"},\"query-input\":{\"@type\":\"PropertyValueSpecification\",\"valueRequired\":true,\"valueName\":\"search_term_string\"}}],\"inLanguage\":\"fr-FR\"},{\"@type\":\"Organization\",\"@id\":\"https:\\\/\\\/www.apotheekhildegard.be\\\/fr\\\/#organization\",\"name\":\"Hildegard\",\"url\":\"https:\\\/\\\/www.apotheekhildegard.be\\\/fr\\\/\",\"logo\":{\"@type\":\"ImageObject\",\"inLanguage\":\"fr-FR\",\"@id\":\"https:\\\/\\\/www.apotheekhildegard.be\\\/fr\\\/#\\\/schema\\\/logo\\\/image\\\/\",\"url\":\"https:\\/\\/www.apotheekhildegard.be\\/wp-content\\/uploads\\/2018\\/10\\/Apotheek-FR-NLGrijs.png\",\"contentUrl\":\"https:\\/\\/www.apotheekhildegard.be\\/wp-content\\/uploads\\/2018\\/10\\/Apotheek-FR-NLGrijs.png\",\"width\":1414,\"height\":528,\"caption\":\"Hildegard\"},\"image\":{\"@id\":\"https:\\\/\\\/www.apotheekhildegard.be\\\/fr\\\/#\\\/schema\\\/logo\\\/image\\\/\"}}]}<\/script>\n<!-- \/ Yoast SEO plugin. -->","yoast_head_json":{"title":"Micro-immunoth\u00e9rapie - Apotheek Hildegard","robots":{"index":"index","follow":"follow","max-snippet":"max-snippet:-1","max-image-preview":"max-image-preview:large","max-video-preview":"max-video-preview:-1"},"canonical":"https:\/\/www.apotheekhildegard.be\/fr\/micro-immunotherapie\/","og_locale":"fr_FR","og_type":"article","og_title":"Micro-immunoth\u00e9rapie - Apotheek Hildegard","og_url":"https:\/\/www.apotheekhildegard.be\/fr\/micro-immunotherapie\/","og_site_name":"Apotheek Hildegard","article_modified_time":"2018-12-18T09:18:41+00:00","twitter_card":"summary_large_image","twitter_misc":{"Dur\u00e9e de lecture estim\u00e9e":"3 minutes"},"schema":{"@context":"https:\/\/schema.org","@graph":[{"@type":"WebPage","@id":"https:\/\/www.apotheekhildegard.be\/fr\/micro-immunotherapie\/","url":"https:\/\/www.apotheekhildegard.be\/fr\/micro-immunotherapie\/","name":"Micro-immunoth\u00e9rapie - Apotheek Hildegard","isPartOf":{"@id":"https:\/\/www.apotheekhildegard.be\/fr\/#website"},"datePublished":"2018-09-02T15:36:36+00:00","dateModified":"2018-12-18T09:18:41+00:00","breadcrumb":{"@id":"https:\/\/www.apotheekhildegard.be\/fr\/micro-immunotherapie\/#breadcrumb"},"inLanguage":"fr-FR","potentialAction":[{"@type":"ReadAction","target":["https:\/\/www.apotheekhildegard.be\/fr\/micro-immunotherapie\/"]}]},{"@type":"BreadcrumbList","@id":"https:\/\/www.apotheekhildegard.be\/fr\/micro-immunotherapie\/#breadcrumb","itemListElement":[{"@type":"ListItem","position":1,"name":"Home","item":"https:\/\/www.apotheekhildegard.be\/fr\/"},{"@type":"ListItem","position":2,"name":"Micro-immunoth\u00e9rapie"}]},{"@type":"WebSite","@id":"https:\/\/www.apotheekhildegard.be\/fr\/#website","url":"https:\/\/www.apotheekhildegard.be\/fr\/","name":"Apotheek Hildegard","description":"","publisher":{"@id":"https:\/\/www.apotheekhildegard.be\/fr\/#organization"},"potentialAction":[{"@type":"SearchAction","target":{"@type":"EntryPoint","urlTemplate":"https:\/\/www.apotheekhildegard.be\/fr\/?s={search_term_string}"},"query-input":{"@type":"PropertyValueSpecification","valueRequired":true,"valueName":"search_term_string"}}],"inLanguage":"fr-FR"},{"@type":"Organization","@id":"https:\/\/www.apotheekhildegard.be\/fr\/#organization","name":"Hildegard","url":"https:\/\/www.apotheekhildegard.be\/fr\/","logo":{"@type":"ImageObject","inLanguage":"fr-FR","@id":"https:\/\/www.apotheekhildegard.be\/fr\/#\/schema\/logo\/image\/","url":"https:\/\/mlau4lb7mmd5.i.optimole.com\/w:auto\/h:auto\/q:mauto\/f:best\/ig:avif\/https:\/\/www.apotheekhildegard.be\/wp-content\/uploads\/2018\/10\/Apotheek-FR-NLGrijs.png","contentUrl":"https:\/\/mlau4lb7mmd5.i.optimole.com\/w:auto\/h:auto\/q:mauto\/f:best\/ig:avif\/https:\/\/www.apotheekhildegard.be\/wp-content\/uploads\/2018\/10\/Apotheek-FR-NLGrijs.png","width":1414,"height":528,"caption":"Hildegard"},"image":{"@id":"https:\/\/www.apotheekhildegard.be\/fr\/#\/schema\/logo\/image\/"}}]}},"_links":{"self":[{"href":"https:\/\/www.apotheekhildegard.be\/fr\/wp-json\/wp\/v2\/pages\/1088","targetHints":{"allow":["GET"]}}],"collection":[{"href":"https:\/\/www.apotheekhildegard.be\/fr\/wp-json\/wp\/v2\/pages"}],"about":[{"href":"https:\/\/www.apotheekhildegard.be\/fr\/wp-json\/wp\/v2\/types\/page"}],"author":[{"embeddable":true,"href":"https:\/\/www.apotheekhildegard.be\/fr\/wp-json\/wp\/v2\/users\/7"}],"replies":[{"embeddable":true,"href":"https:\/\/www.apotheekhildegard.be\/fr\/wp-json\/wp\/v2\/comments?post=1088"}],"version-history":[{"count":5,"href":"https:\/\/www.apotheekhildegard.be\/fr\/wp-json\/wp\/v2\/pages\/1088\/revisions"}],"predecessor-version":[{"id":1690,"href":"https:\/\/www.apotheekhildegard.be\/fr\/wp-json\/wp\/v2\/pages\/1088\/revisions\/1690"}],"wp:attachment":[{"href":"https:\/\/www.apotheekhildegard.be\/fr\/wp-json\/wp\/v2\/media?parent=1088"}],"curies":[{"name":"wp","href":"https:\/\/api.w.org\/{rel}","templated":true}]}}