{"id":2554,"date":"2019-10-22T20:09:30","date_gmt":"2019-10-22T20:09:30","guid":{"rendered":"https:\/\/www.apotheekhildegard.be\/?page_id=2554"},"modified":"2024-10-06T10:19:39","modified_gmt":"2024-10-06T08:19:39","slug":"bio-inmuno-genetica","status":"publish","type":"page","link":"https:\/\/www.apotheekhildegard.be\/es\/bio-inmuno-genetica\/","title":{"rendered":"Bio-Inmuno-Gen\u00e9tica"},"content":{"rendered":"<div class=\"fusion-fullwidth fullwidth-box fusion-builder-row-1 nonhundred-percent-fullwidth non-hundred-percent-height-scrolling fusion-equal-height-columns\" style=\"background-color: rgba(255,255,255,0);background-position: left top;background-repeat: no-repeat;padding-top:60px;padding-right:0px;padding-bottom:100px;padding-left:0px;margin-bottom: 0px;margin-top: 0px;border-width: 0px 0px 0px 0px;border-color:#eae9e9;border-style:solid;\" ><div class=\"fusion-builder-row fusion-row\"><div class=\"fusion-layout-column fusion_builder_column fusion-builder-column-0 fusion_builder_column_2_3 2_3 fusion-two-third fusion-column-first\" style=\"width:65.3333%; margin-right: 4%;margin-top:0px;margin-bottom:30px;\"><div class=\"fusion-column-wrapper fusion-flex-column-wrapper-legacy\" style=\"background-position:left top;background-repeat:no-repeat;-webkit-background-size:cover;-moz-background-size:cover;-o-background-size:cover;background-size:cover;background-color:#ffffff;border-width: 1px 1px 1px 1px;border-color:#dddddd;border-style:solid;padding: 40px 40px 40px 40px;\"><div class=\"fusion-text fusion-text-1\"><h3 style=\"font-weight: 400;\"><strong>Bio-Inmuno-Gen\u00e9tica BI(G)Med<\/strong><\/h3>\n<div id=\"ConnectiveDocSignExtentionInstalled\" data-extension-version=\"1.0.4\"><\/div>\n<\/div><div class=\"fusion-text fusion-text-2\"><p><b>Bio-Inmuno-Gen\u00e9tica<\/b><\/p>\n<p><span style=\"font-weight: 400;\">El desarrollo espectacular de la Biolog\u00eda molecular ha permitido conocer el detalle de los procesos inmunol\u00f3gicos y gen\u00e9ticos que est\u00e1n en el origen de las enfermedades cr\u00f3nicas, y est\u00e1 suponiendo una verdadera revoluci\u00f3n para la Medicina: hemos pasado de analizar la enfermedad del \u00f3rgano a la de la c\u00e9lula. En el interior de la c\u00e9lula debe buscarse el origen de la enfermedad: en las mol\u00e9culas del citoplasma, en el n\u00facleo, o en las mitocondrias.<\/span><\/p>\n<p><span style=\"font-weight: 400;\">La inmunolog\u00eda y la epigen\u00e9tica son la base para explicar la enfermedad.<\/span><\/p>\n<p><span style=\"font-weight: 400;\">Con el conocimiento cient\u00edfico alcanzado hasta ahora, la actuaci\u00f3n con fines regulatorios es esencial para cualquier enfoque terap\u00e9utico. Esa es la base de la <\/span><b>BioMedicina Inmunogen\u00e9tica<\/b><span style=\"font-weight: 400;\">: la puesta en pr\u00e1ctica de los medios para que la c\u00e9lula recupere su autorregulaci\u00f3n.\u00a0<\/span><\/p>\n<p><span style=\"font-weight: 400;\">Esto nada tiene que ver con la manipulaci\u00f3n del genoma ni de los genes. La <\/span><b>BioMedicinaInmunogen\u00e9tica<\/b><span style=\"font-weight: 400;\"> regula la expresi\u00f3n de la informaci\u00f3n proporcionada por los genes para volver a encarrilarla hacia la salud.<\/span><\/p>\n<p><span style=\"font-weight: 400;\">Los recursos terap\u00e9uticos de <\/span><b>BI(G)MED <\/b><span style=\"font-weight: 400;\">b\u00e1sicamente est\u00e1n constituidos por citoquinas y ARN interferentes en dosis \u201cultra bajas\u201d, en el rango del nanogramo. El resultado es la nanobioterapia, <\/span><b>sin efectos secundarios indeseables<\/b><span style=\"font-weight: 400;\"> porque sigue el modelo de distribuci\u00f3n y expansi\u00f3n molecular en los medios intra y extracelular.<\/span><\/p>\n<p><span style=\"font-weight: 400;\">El \u00e1mbito de actuaci\u00f3n de <\/span><b>BI(G)MED <\/b><span style=\"font-weight: 400;\">abarca la mayor parte des\u00f3rdenes de la salud:<\/span><\/p>\n<ul>\n<li><span style=\"font-weight: 400;\"> Campo inflamatorio, especialmente las de origen autoinmune\u00a0<\/span><\/li>\n<li><span style=\"font-weight: 400;\"> Campo infeccioso de naturaleza bacteriana, viral o mic\u00f3tica cr\u00f3nica\u00a0<\/span><\/li>\n<li><span style=\"font-weight: 400;\"> Campo oncol\u00f3gico<\/span><\/li>\n<li><span style=\"font-weight: 400;\"> Campo cardiovascular\u00a0<\/span><\/li>\n<li><span style=\"font-weight: 400;\"> Campo metab\u00f3lico<\/span><\/li>\n<li><span style=\"font-weight: 400;\"> Campo degenerativo de todos los \u00f3rdenes: digestivas, neurol\u00f3gicas, etc.\u00a0<\/span><\/li>\n<li><span style=\"font-weight: 400;\"> Campo al\u00e9rgico\u00a0<\/span><\/li>\n<\/ul>\n<p>M\u00e1s informaci\u00f3n en : <a class=\"_ps2id\" href=\"https:\/\/www.ebma-europe.com\/es\/\" data-ps2id-offset=\"\">EBMA Europe<\/a><\/p>\n<\/div><div class=\"fusion-clearfix\"><\/div><\/div><\/div><div class=\"fusion-layout-column fusion_builder_column fusion-builder-column-1 fusion_builder_column_1_3 1_3 fusion-one-third fusion-column-last\" style=\"width:30.6666%;margin-top:0px;margin-bottom:30px;\"><div class=\"fusion-column-wrapper fusion-flex-column-wrapper-legacy\" style=\"background-position:left top;background-repeat:no-repeat;-webkit-background-size:cover;-moz-background-size:cover;-o-background-size:cover;background-size:cover;background-color:#ffffff;border-width: 1px 1px 1px 1px;border-color:#dddddd;border-style:solid;padding: 30px 30px 30px 30px;\"><div class=\"fusion-text fusion-text-3\"><h4 style=\"font-weight: 400; text-align: center;\"><span id=\"result_box\" class=\"short_text\" lang=\"fr\">HORARIO DE APERTURA<\/span><\/h4>\n<div id=\"ConnectiveDocSignExtentionInstalled\" data-extension-version=\"1.0.4\"><\/div>\n<\/div><div class=\"fusion-sep-clear\"><\/div><div class=\"fusion-separator fusion-full-width-sep\" style=\"margin-left: auto;margin-right: auto;margin-top:0px;margin-bottom:30px;width:100%;max-width:100%;\"><div class=\"fusion-separator-border sep-single sep-solid\" style=\"border-color:#3bafbf;border-top-width:2px;\"><\/div><\/div><div class=\"fusion-sep-clear\"><\/div><div class=\"fusion-text fusion-text-4\"><p><strong>Farmacia<\/strong><\/p>\n<div class=\"table-2\">\n<table width=\"100%\">\n<tbody>\n<tr>\n<td style=\"text-align: left;\"><span id=\"result_box\" class=\"short_text\" lang=\"fr\"><span class=\"\">Lunes-Viernes<\/span><\/span><\/td>\n<td style=\"text-align: right;\">9:00 \u2013 18:30<\/td>\n<\/tr>\n<\/tbody>\n<\/table>\n<\/div>\n<div id=\"ConnectiveDocSignExtentionInstalled\" data-extension-version=\"1.0.4\"><\/div>\n<\/div><div class=\"fusion-sep-clear\"><\/div><div class=\"fusion-separator fusion-full-width-sep\" style=\"margin-left: auto;margin-right: auto;margin-top:20px;width:100%;\"><\/div><div class=\"fusion-sep-clear\"><\/div><div class=\"fusion-text fusion-text-5\"><div data-extension-version=\"1.0.4\">\n<p><strong>Laboratorio<\/strong><\/p>\n<div class=\"table-2\">\n<table width=\"100%\">\n<tbody>\n<tr>\n<td>\n<div id=\"gt-res-content\">\n<div id=\"gt-res-dir-ctr\" class=\"trans-verified-button-large\" dir=\"ltr\">\n<div id=\"tts_button\"><span id=\"result_box\" class=\"short_text\" lang=\"fr\"><span class=\"\">Lunes-Viernes<\/span><\/span><\/div>\n<\/div>\n<\/div>\n<\/td>\n<td style=\"text-align: right;\">10:00 \u2013 12:30<\/td>\n<\/tr>\n<tr>\n<td><\/td>\n<td style=\"text-align: right;\">14:00 \u2013 17:00<\/td>\n<\/tr>\n<\/tbody>\n<\/table>\n<\/div>\n<\/div>\n<div id=\"ConnectiveDocSignExtentionInstalled\" data-extension-version=\"1.0.4\"><\/div>\n<\/div><div class=\"fusion-sep-clear\"><\/div><div class=\"fusion-separator fusion-full-width-sep\" style=\"margin-left: auto;margin-right: auto;margin-top:20px;width:100%;\"><\/div><div class=\"fusion-sep-clear\"><\/div><div class=\"fusion-text fusion-text-6\"><h4 style=\"font-weight: 400; text-align: center;\">Mail <a href=\"mailto:hildegard@hildegard.info\">hildegard@hildegard.info<\/a><br \/>\nTel Labo <a href=\"tel:003222153712\">00 32 2\u00a0215 37 12<\/a><\/h4>\n<div id=\"ConnectiveDocSignExtentionInstalled\" data-extension-version=\"1.0.4\"><\/div>\n<\/div><div class=\"fusion-sep-clear\"><\/div><div class=\"fusion-separator fusion-full-width-sep\" style=\"margin-left: auto;margin-right: auto;margin-top:50px;width:100%;\"><\/div><div class=\"fusion-sep-clear\"><\/div><div class=\"fusion-text fusion-text-7\"><h4 style=\"font-weight: 400; text-align: center;\"><span id=\"result_box\" class=\"short_text\" lang=\"fr\"><span class=\"alt-edited\">UBICACI\u00d3N<\/span><\/span><\/h4>\n<div id=\"ConnectiveDocSignExtentionInstalled\" data-extension-version=\"1.0.4\"><\/div>\n<\/div><div class=\"fusion-sep-clear\"><\/div><div class=\"fusion-separator fusion-full-width-sep\" style=\"margin-left: auto;margin-right: auto;margin-top:0px;margin-bottom:30px;width:100%;max-width:100%;\"><div class=\"fusion-separator-border sep-single sep-solid\" style=\"border-color:#3bafbf;border-top-width:2px;\"><\/div><\/div><div class=\"fusion-sep-clear\"><\/div><div class=\"fusion-sep-clear\"><\/div><div class=\"fusion-separator fusion-full-width-sep\" style=\"margin-left: auto;margin-right: auto;margin-top:30px;width:100%;\"><\/div><div class=\"fusion-sep-clear\"><\/div>\t\t\t\t\t<script type=\"text\/javascript\">\n\t\t\t\t\t\tvar map_fusion_map_69d65dba97b31;\n\t\t\t\t\t\tvar markers = [];\n\t\t\t\t\t\tvar counter = 0;\n\t\t\t\t\t\t\t\t\t\t\t\t\t\t\t\t\t\t\t\tvar fusionMapNonce = 'c52e0d186d';\n\t\t\t\t\t\t\t\t\t\t\t\tfunction fusion_run_map_fusion_map_69d65dba97b31() {\n\t\t\t\t\t\t\tjQuery('#fusion_map_69d65dba97b31').fusion_maps({\n\t\t\t\t\t\t\t\taddresses: [{\"address\":\"50.8681985,4.3963517,17\",\"infobox_content\":\"Pharmacie Hildegard \\nRue August De Boeck 45 \\t\\n1140 Evere Bruxelles \\nBelgique \\n\",\"coordinates\":false,\"cache\":true,\"latitude\":\"50.8681985\",\"longitude\":\"4.3963517\"}],\n\t\t\t\t\t\t\t\tanimations: true,\n\t\t\t\t\t\t\t\tinfobox_background_color: '',\n\t\t\t\t\t\t\t\tinfobox_styling: 'default',\n\t\t\t\t\t\t\t\tinfobox_text_color: '',\n\t\t\t\t\t\t\t\tmap_style: 'custom',\n\t\t\t\t\t\t\t\tmap_type: 'roadmap',\n\t\t\t\t\t\t\t\tmarker_icon: '',\n\t\t\t\t\t\t\t\toverlay_color: '',\n\t\t\t\t\t\t\t\toverlay_color_hsl: {\"hue\":0,\"sat\":0,\"lum\":100},\n\t\t\t\t\t\t\t\tpan_control: true,\n\t\t\t\t\t\t\t\tshow_address: false,\n\t\t\t\t\t\t\t\tscale_control: true,\n\t\t\t\t\t\t\t\tscrollwheel: false,\n\t\t\t\t\t\t\t\tzoom: 14,\n\t\t\t\t\t\t\t\tzoom_control: true,\n\t\t\t\t\t\t\t});\n\t\t\t\t\t\t}\n\n\t\t\t\t\t\tgoogle.maps.event.addDomListener(window, 'load', fusion_run_map_fusion_map_69d65dba97b31);\n\t\t\t\t\t<\/script>\n\t\t\t\t\t<div class=\"shortcode-map fusion-google-map fusion-maps-js-type\" id=\"fusion_map_69d65dba97b31\" style=\"height:300px;width:100%;\"><\/div><div class=\"fusion-clearfix\"><\/div><\/div><\/div>\n<\/div><\/div>\n","protected":false},"excerpt":{"rendered":"","protected":false},"author":7,"featured_media":0,"parent":0,"menu_order":0,"comment_status":"closed","ping_status":"closed","template":"100-width.php","meta":{"footnotes":""},"class_list":["post-2554","page","type-page","status-publish","hentry"],"yoast_head":"<!-- This site is optimized with the Yoast SEO plugin v27.3 - https:\/\/yoast.com\/product\/yoast-seo-wordpress\/ -->\n<title>Bio-Inmuno-Gen\u00e9tica - Apotheek Hildegard<\/title>\n<meta name=\"robots\" content=\"index, follow, max-snippet:-1, max-image-preview:large, max-video-preview:-1\" \/>\n<link rel=\"canonical\" href=\"https:\/\/www.apotheekhildegard.be\/es\/bio-inmuno-genetica\/\" \/>\n<meta property=\"og:locale\" content=\"es_ES\" \/>\n<meta property=\"og:type\" content=\"article\" \/>\n<meta property=\"og:title\" content=\"Bio-Inmuno-Gen\u00e9tica - Apotheek Hildegard\" \/>\n<meta property=\"og:url\" content=\"https:\/\/www.apotheekhildegard.be\/es\/bio-inmuno-genetica\/\" \/>\n<meta property=\"og:site_name\" content=\"Apotheek Hildegard\" \/>\n<meta property=\"article:modified_time\" content=\"2024-10-06T08:19:39+00:00\" \/>\n<meta name=\"twitter:card\" content=\"summary_large_image\" \/>\n<meta name=\"twitter:label1\" content=\"Tiempo de lectura\" \/>\n\t<meta name=\"twitter:data1\" content=\"3 minutos\" \/>\n<script type=\"application\/ld+json\" class=\"yoast-schema-graph\">{\"@context\":\"https:\\\/\\\/schema.org\",\"@graph\":[{\"@type\":\"WebPage\",\"@id\":\"https:\\\/\\\/www.apotheekhildegard.be\\\/es\\\/bio-inmuno-genetica\\\/\",\"url\":\"https:\\\/\\\/www.apotheekhildegard.be\\\/es\\\/bio-inmuno-genetica\\\/\",\"name\":\"Bio-Inmuno-Gen\u00e9tica - Apotheek Hildegard\",\"isPartOf\":{\"@id\":\"https:\\\/\\\/www.apotheekhildegard.be\\\/fr\\\/#website\"},\"datePublished\":\"2019-10-22T20:09:30+00:00\",\"dateModified\":\"2024-10-06T08:19:39+00:00\",\"breadcrumb\":{\"@id\":\"https:\\\/\\\/www.apotheekhildegard.be\\\/es\\\/bio-inmuno-genetica\\\/#breadcrumb\"},\"inLanguage\":\"es\",\"potentialAction\":[{\"@type\":\"ReadAction\",\"target\":[\"https:\\\/\\\/www.apotheekhildegard.be\\\/es\\\/bio-inmuno-genetica\\\/\"]}]},{\"@type\":\"BreadcrumbList\",\"@id\":\"https:\\\/\\\/www.apotheekhildegard.be\\\/es\\\/bio-inmuno-genetica\\\/#breadcrumb\",\"itemListElement\":[{\"@type\":\"ListItem\",\"position\":1,\"name\":\"Home\",\"item\":\"https:\\\/\\\/www.apotheekhildegard.be\\\/es\\\/\"},{\"@type\":\"ListItem\",\"position\":2,\"name\":\"Bio-Inmuno-Gen\u00e9tica\"}]},{\"@type\":\"WebSite\",\"@id\":\"https:\\\/\\\/www.apotheekhildegard.be\\\/fr\\\/#website\",\"url\":\"https:\\\/\\\/www.apotheekhildegard.be\\\/fr\\\/\",\"name\":\"Apotheek Hildegard\",\"description\":\"\",\"publisher\":{\"@id\":\"https:\\\/\\\/www.apotheekhildegard.be\\\/fr\\\/#organization\"},\"potentialAction\":[{\"@type\":\"SearchAction\",\"target\":{\"@type\":\"EntryPoint\",\"urlTemplate\":\"https:\\\/\\\/www.apotheekhildegard.be\\\/fr\\\/?s={search_term_string}\"},\"query-input\":{\"@type\":\"PropertyValueSpecification\",\"valueRequired\":true,\"valueName\":\"search_term_string\"}}],\"inLanguage\":\"es\"},{\"@type\":\"Organization\",\"@id\":\"https:\\\/\\\/www.apotheekhildegard.be\\\/fr\\\/#organization\",\"name\":\"Hildegard\",\"url\":\"https:\\\/\\\/www.apotheekhildegard.be\\\/fr\\\/\",\"logo\":{\"@type\":\"ImageObject\",\"inLanguage\":\"es\",\"@id\":\"https:\\\/\\\/www.apotheekhildegard.be\\\/fr\\\/#\\\/schema\\\/logo\\\/image\\\/\",\"url\":\"https:\\/\\/www.apotheekhildegard.be\\/wp-content\\/uploads\\/2018\\/10\\/Apotheek-FR-NLGrijs.png\",\"contentUrl\":\"https:\\/\\/www.apotheekhildegard.be\\/wp-content\\/uploads\\/2018\\/10\\/Apotheek-FR-NLGrijs.png\",\"width\":1414,\"height\":528,\"caption\":\"Hildegard\"},\"image\":{\"@id\":\"https:\\\/\\\/www.apotheekhildegard.be\\\/fr\\\/#\\\/schema\\\/logo\\\/image\\\/\"}}]}<\/script>\n<!-- \/ Yoast SEO plugin. -->","yoast_head_json":{"title":"Bio-Inmuno-Gen\u00e9tica - Apotheek Hildegard","robots":{"index":"index","follow":"follow","max-snippet":"max-snippet:-1","max-image-preview":"max-image-preview:large","max-video-preview":"max-video-preview:-1"},"canonical":"https:\/\/www.apotheekhildegard.be\/es\/bio-inmuno-genetica\/","og_locale":"es_ES","og_type":"article","og_title":"Bio-Inmuno-Gen\u00e9tica - Apotheek Hildegard","og_url":"https:\/\/www.apotheekhildegard.be\/es\/bio-inmuno-genetica\/","og_site_name":"Apotheek Hildegard","article_modified_time":"2024-10-06T08:19:39+00:00","twitter_card":"summary_large_image","twitter_misc":{"Tiempo de lectura":"3 minutos"},"schema":{"@context":"https:\/\/schema.org","@graph":[{"@type":"WebPage","@id":"https:\/\/www.apotheekhildegard.be\/es\/bio-inmuno-genetica\/","url":"https:\/\/www.apotheekhildegard.be\/es\/bio-inmuno-genetica\/","name":"Bio-Inmuno-Gen\u00e9tica - Apotheek Hildegard","isPartOf":{"@id":"https:\/\/www.apotheekhildegard.be\/fr\/#website"},"datePublished":"2019-10-22T20:09:30+00:00","dateModified":"2024-10-06T08:19:39+00:00","breadcrumb":{"@id":"https:\/\/www.apotheekhildegard.be\/es\/bio-inmuno-genetica\/#breadcrumb"},"inLanguage":"es","potentialAction":[{"@type":"ReadAction","target":["https:\/\/www.apotheekhildegard.be\/es\/bio-inmuno-genetica\/"]}]},{"@type":"BreadcrumbList","@id":"https:\/\/www.apotheekhildegard.be\/es\/bio-inmuno-genetica\/#breadcrumb","itemListElement":[{"@type":"ListItem","position":1,"name":"Home","item":"https:\/\/www.apotheekhildegard.be\/es\/"},{"@type":"ListItem","position":2,"name":"Bio-Inmuno-Gen\u00e9tica"}]},{"@type":"WebSite","@id":"https:\/\/www.apotheekhildegard.be\/fr\/#website","url":"https:\/\/www.apotheekhildegard.be\/fr\/","name":"Apotheek Hildegard","description":"","publisher":{"@id":"https:\/\/www.apotheekhildegard.be\/fr\/#organization"},"potentialAction":[{"@type":"SearchAction","target":{"@type":"EntryPoint","urlTemplate":"https:\/\/www.apotheekhildegard.be\/fr\/?s={search_term_string}"},"query-input":{"@type":"PropertyValueSpecification","valueRequired":true,"valueName":"search_term_string"}}],"inLanguage":"es"},{"@type":"Organization","@id":"https:\/\/www.apotheekhildegard.be\/fr\/#organization","name":"Hildegard","url":"https:\/\/www.apotheekhildegard.be\/fr\/","logo":{"@type":"ImageObject","inLanguage":"es","@id":"https:\/\/www.apotheekhildegard.be\/fr\/#\/schema\/logo\/image\/","url":"https:\/\/mlau4lb7mmd5.i.optimole.com\/w:auto\/h:auto\/q:mauto\/f:best\/ig:avif\/https:\/\/www.apotheekhildegard.be\/wp-content\/uploads\/2018\/10\/Apotheek-FR-NLGrijs.png","contentUrl":"https:\/\/mlau4lb7mmd5.i.optimole.com\/w:auto\/h:auto\/q:mauto\/f:best\/ig:avif\/https:\/\/www.apotheekhildegard.be\/wp-content\/uploads\/2018\/10\/Apotheek-FR-NLGrijs.png","width":1414,"height":528,"caption":"Hildegard"},"image":{"@id":"https:\/\/www.apotheekhildegard.be\/fr\/#\/schema\/logo\/image\/"}}]}},"_links":{"self":[{"href":"https:\/\/www.apotheekhildegard.be\/es\/wp-json\/wp\/v2\/pages\/2554","targetHints":{"allow":["GET"]}}],"collection":[{"href":"https:\/\/www.apotheekhildegard.be\/es\/wp-json\/wp\/v2\/pages"}],"about":[{"href":"https:\/\/www.apotheekhildegard.be\/es\/wp-json\/wp\/v2\/types\/page"}],"author":[{"embeddable":true,"href":"https:\/\/www.apotheekhildegard.be\/es\/wp-json\/wp\/v2\/users\/7"}],"replies":[{"embeddable":true,"href":"https:\/\/www.apotheekhildegard.be\/es\/wp-json\/wp\/v2\/comments?post=2554"}],"version-history":[{"count":2,"href":"https:\/\/www.apotheekhildegard.be\/es\/wp-json\/wp\/v2\/pages\/2554\/revisions"}],"predecessor-version":[{"id":2615,"href":"https:\/\/www.apotheekhildegard.be\/es\/wp-json\/wp\/v2\/pages\/2554\/revisions\/2615"}],"wp:attachment":[{"href":"https:\/\/www.apotheekhildegard.be\/es\/wp-json\/wp\/v2\/media?parent=2554"}],"curies":[{"name":"wp","href":"https:\/\/api.w.org\/{rel}","templated":true}]}}