{"id":1546,"date":"2018-08-24T12:12:23","date_gmt":"2018-08-24T12:12:23","guid":{"rendered":"https:\/\/www.apotheekhildegard.be\/privacy-policy\/"},"modified":"2018-11-11T19:23:22","modified_gmt":"2018-11-11T19:23:22","slug":"politica-de-privacidad","status":"publish","type":"page","link":"https:\/\/www.apotheekhildegard.be\/es\/politica-de-privacidad\/","title":{"rendered":"Pol\u00edtica de privacidad"},"content":{"rendered":"<p><span id=\"result_box\" class=\"\" lang=\"es\" tabindex=\"-1\"><span title=\"1. Algemeen \"><strong>1. General<\/strong><\/span><\/span><\/p>\n<p><span title=\"De Apotheek Hildegard (Hildegard NV), met maatschappelijke zetel te August de Boeckstraat 45, 1140 Brussel, Belgi\u00eb, in de Belgische Kruispuntbank der Ondernemingen ingeschreven onder het nummer BE 0428.847.688 (hierna \u201cHildegard\u201d) is verantwoordelijk voor de verwerking van uw persoonsgegevens\">La farmacia Hildegard (Hildegard NV), con domicilio social en August de Boeckstraat 45, 1140 Bruselas, B\u00e9lgica, registrada en el Belgian Crossroads Bank for Enterprises con el n\u00famero BE 0428.847.688 (en adelante, \u00abHildegard\u00bb) es responsable del procesamiento de sus datos personales. <\/span><span title=\"op de website https:\/\/www.apotheekHildegard.be, https:\/\/www.pharmacieHildegard.be;\">en el sitio web https:\/\/www.apotheekHildegard.be, https:\/\/www.pharmacieHildegard.be; <\/span><span title=\"https:\/\/www.pharmacieHildegard.fr, https:\/\/www.apothekeHildegard.de, https:\/\/www.Hildegard.info, https:\/\/www.Hildegardonline.com \">https:\/\/www.pharmacieHildegard.fr, https:\/\/www.apothekeHildegard.de, https:\/\/www.Hildegard.info, https:\/\/www.Hildegardonline.com<\/span><\/p>\n<p><span title=\"Hildegard leeft als Belgische vennootschap de Belgische 'Wet van 8 december 1992 tot bescherming van de persoonlijke levenssfeer ten opzichte van de verwerking van persoonsgegevens' na, zoals gewijzigd door de Wet van 11 december 1998, alsook de 'Wet van 13 juni 2005 betreffende de elektronische\">Como empresa belga, Hildegard est\u00e1 siguiendo la \u00abLey de 8 de diciembre de 1992 sobre la protecci\u00f3n de la privacidad con respecto al procesamiento de datos personales\u00bb, modificada por la Ley de 11 de diciembre de 1998, as\u00ed como la \u00abLey de 13 de junio de 2005 sobre electr\u00f3nica. <\/span><span title=\"communicatie' en andere toepasselijke wetten en reglementen. \">Comunicaci\u00f3n y otras leyes y regulaciones aplicables.<\/span><\/p>\n<p><span title=\"Hildegard stelt zich middels huidige Privacy Policy tevens in regel met de Europese Verordening 2016\/679 van 27 april 2016 betreffende de bescherming van persoonsgegevens. \">Hildegard tambi\u00e9n cumple con el Reglamento Europeo 2016\/679, de 27 de abril de 2016, sobre la protecci\u00f3n de datos personales a trav\u00e9s de la Pol\u00edtica de privacidad actual.<\/span><\/p>\n<p><span id=\"result_box\" class=\"\" lang=\"es\" tabindex=\"-1\"><span title=\"Hildegard stelt zich middels huidige Privacy Policy tevens in regel met de Europese Verordening 2016\/679 van 27 april 2016 betreffende de bescherming van persoonsgegevens. \"><br \/>\n<\/span><span title=\"2. Persoonsgegevens die verzameld worden \"><strong>2. Datos personales recogidos.<\/strong><br \/>\n<\/span><span title=\"2.1 De gegevens die je ons meedeelt \">2.1 La informaci\u00f3n que nos proporcione.<\/span><\/span><\/p>\n<p><span title=\"In het aanmeldingsformulier op de Website: e-mailadres, naam, voornaam, straat, huisnummer, bus, postcode, woonplaats, land, telefoonnummer en eventueel relevante leveringsinformatie.\">En el formulario de registro en el sitio web: direcci\u00f3n de correo electr\u00f3nico, nombre, nombre, calle, n\u00famero de casa, autob\u00fas, c\u00f3digo postal, ciudad, pa\u00eds, n\u00famero de tel\u00e9fono y posiblemente la informaci\u00f3n de entrega relevante. <\/span><span title=\"Deze worden bijgehouden in onze systemen om uw bestelling correct te verwerken.\">Estos se guardan en nuestros sistemas para procesar su pedido correctamente. <\/span><span title=\"Op de website zelf worden er geen gegevens bijgehouden. \">No se guardan datos en el sitio web en s\u00ed.<br \/>\n<\/span><span title=\"2.2 De gegevens die automatisch worden verzameld \">2.2 Los datos que se recogen autom\u00e1ticamente.<\/span><\/p>\n<p><span title=\"Bepaalde gegevens worden verzameld via cookies: zie onderaan in dit document voor onze cookie policy.\">Ciertos datos se recopilan a trav\u00e9s de cookies: consulte la parte inferior de este documento para ver nuestra pol\u00edtica de cookies. <\/span><span title=\"Bepaalde gegevens kunnen eveneens verzameld worden zonder in cookies opgeslagen te zijn. \">Ciertos datos tambi\u00e9n se pueden recopilar sin ser almacenados en cookies.<\/span><\/p>\n<p><span title=\"Wij verzamelen anonieme statistieken (uitsluitend gedurende jouw bezoek aan de Website) zoals welke pagina's er worden bekeken en we maken gebruik van demografische en interesserapporten van Google Analytics op basis van display-advertenties.\">Recopilamos estad\u00edsticas an\u00f3nimas (solo durante su visita al sitio web), por ejemplo, qu\u00e9 p\u00e1ginas se ven y utilizamos informes demogr\u00e1ficos y de intereses de Google Analytics basados \u200b\u200ben anuncios gr\u00e1ficos. <\/span><span title=\"Ook uw IP-adres kan worden opgeslagen voor anonieme statistische analyses.\">Su direcci\u00f3n IP tambi\u00e9n se puede almacenar para an\u00e1lisis estad\u00edsticos an\u00f3nimos. <\/span><span title=\"Mogelijks weten ook derden, zoals Facebook en Twitter, dat u deze website heeft bezocht (als u gebruik maakt van hun diensten en de widgets inlaadt). \">Los terceros, como Facebook y Twitter, tambi\u00e9n pueden saber que ha visitado este sitio web (si utiliza sus servicios y carga los widgets).<\/span><\/p>\n<p><span id=\"result_box\" class=\"\" lang=\"es\" tabindex=\"-1\"><span title=\"Mogelijks weten ook derden, zoals Facebook en Twitter, dat u deze website heeft bezocht (als u gebruik maakt van hun diensten en de widgets inlaadt). \"><br \/>\n<\/span><span title=\"3. Doeleinden van de verwerking \"><strong>3. Fines del tratamiento.<\/strong><br \/>\n<\/span><span title=\"3.1 Algemene doeleinden \">3.1 prop\u00f3sitos generales<\/span><\/span><\/p>\n<p><span title=\"Jouw persoonsgegevens worden verzameld om: \">Sus datos personales se recogen para:<\/span><\/p>\n<p><span title=\"Het beheer van uw account op deze Website met het oog op het gebruik van onze website, met als rechtsgrond de uitvoering van een overeenkomst die door u werd gevraagd, en, indien aangegeven door u, eveneens het toezenden van direct marketing, met als rechtsgrond uw\">La administraci\u00f3n de su cuenta en este sitio web con vistas al uso de nuestro sitio web, con base legal, la ejecuci\u00f3n de un acuerdo solicitado por usted y, si lo indica usted, tambi\u00e9n el env\u00edo de marketing directo, con base legal suya. <\/span><span title=\"expliciete, voorafgaande toestemming; \">consentimiento previo expl\u00edcito;<br \/>\n<\/span><span title=\"Het verstrekken van informatie, het verzenden van e-mails met verschillende aanbiedingen die je zouden kunnen interesseren; \">Proporcionar informaci\u00f3n, enviar correos electr\u00f3nicos con diferentes ofertas que puedan interesarle;<br \/>\n<\/span><span title=\"De technische administratie van de Website te beheren; \">Gestionar la administraci\u00f3n t\u00e9cnica del sitio web;<br \/>\n<\/span><span title=\"Na de gegevens anoniem te hebben gemaakt, statistieken op te maken of enqu\u00eates uit te voeren met betrekking tot het aantal bezoeken van de verschillende onderdelen van de Website. \">Despu\u00e9s de haber hecho los datos an\u00f3nimos, compilar estad\u00edsticas o realizar encuestas sobre el n\u00famero de visitas de las diferentes partes del sitio web.<br \/>\n<\/span><span title=\"3.2 Direct marketing en mededeling aan derden \">3.2 Marketing directo y comunicaci\u00f3n a terceros.<\/span><\/p>\n<p><span title=\"Jouw persoonsgegevens worden strikt vertrouwelijk gehouden en worden in geen geval meegedeeld aan derden, tenzij dit noodzakelijk is voor het leveren van onze diensten aan u, of gebruikt voor doeleinden van direct marketing, tenzij Hildegard hiervoor jouw expliciete voorafgaande toestemming heeft verkregen (\u201copt-in\">Sus datos personales se mantendr\u00e1n estrictamente confidenciales y en ning\u00fan caso se comunicar\u00e1n a terceros, a menos que esto sea necesario para la prestaci\u00f3n de nuestros servicios, o se utilicen con fines de marketing directo, a menos que Hildegard haya obtenido su permiso previo expl\u00edcito para esto (\u00abopt-in\u00bb). <\/span><span title=\"\u201d) bij je Aanmelding. \">\u00ab) Con su registro.<\/span><\/p>\n<p><span title=\"Deze toestemming kan op elk moment worden ingetrokken, zonder motivering en gratis door verzending van een e-mail aan (hildegard@hildegard.info). \">Este permiso se puede retirar en cualquier momento, sin justificaci\u00f3n y sin cargo, enviando un correo electr\u00f3nico a (hildegard@hildegard.info).<\/span><\/p>\n<p><span id=\"result_box\" class=\"\" lang=\"es\" tabindex=\"-1\"><span title=\"Deze toestemming kan op elk moment worden ingetrokken, zonder motivering en gratis door verzending van een e-mail aan (hildegard@hildegard.info). \"><br \/>\n<\/span><span title=\"3.3 Doorgifte aan derden: \">3.3 Transferencia a terceros:<\/span><\/span><\/p>\n<p><span title=\"Hildegard zal uw Persoonsgegevens niet verkopen, noch verhuren, verdelen of anderszins commercieel ter beschikking stellen aan derden, behalve zoals bovenstaand beschreven of tenzij met uw voorafgaande toestemming. \">Hildegard no vender\u00e1 sus Datos personales, ni alquilar\u00e1, distribuir\u00e1 ni pondr\u00e1 a disposici\u00f3n comercial de ninguna otra forma a terceros, excepto como se describe anteriormente o con su consentimiento previo.<\/span><\/p>\n<p><span title=\"Bij gehele of gedeeltelijk reorganisatie of overdracht van activiteiten van Hildegard, waarbij zij haar bedrijfsactiviteiten reorganiseert, overdraagt, staakt of indien Hildegard failliet gaat, kan zulks betekenen dat uw gegevens aan nieuwe entiteiten of derden middels welke de bedrijfsactiviteiten van Hildegard geheel of gedeeltelijk worden uitgevoerd,\">En el caso de una reorganizaci\u00f3n o transferencia total o parcial de las actividades de Hildegard, donde reorganiza, transfiere, cesa o si Hildegard quiebra, esto puede significar que sus datos ser\u00e1n transferidos a nuevas entidades o terceros a trav\u00e9s de los cuales las actividades comerciales de Hildegard se realicen total o parcialmente, <\/span><span title=\"worden overgedragen.\">ser transferido <\/span><span title=\"Hildegard zal in redelijkheid pogen u van tevoren op de hoogte te stellen van het feit dat Hildegard uw gegevens aan genoemde derde bekendmaakt, maar u erkent tevens dat dit niet onder alle omstandigheden technisch of commercieel haalbaar is. \">Hildegard intentar\u00e1 razonablemente informarle con anticipaci\u00f3n el hecho de que Hildegard divulgar\u00e1 sus datos a dicho tercero, pero tambi\u00e9n reconoce que esto no es t\u00e9cnica ni comercialmente factible en todas las circunstancias.<\/span><\/p>\n<p><span id=\"result_box\" class=\"\" lang=\"es\" tabindex=\"-1\"><span title=\"Hildegard zal in redelijkheid pogen u van tevoren op de hoogte te stellen van het feit dat Hildegard uw gegevens aan genoemde derde bekendmaakt, maar u erkent tevens dat dit niet onder alle omstandigheden technisch of commercieel haalbaar is. \"><br \/>\n<\/span><span title=\"3.4 Wettelijke vereisten: \">3.4 Requisitos legales:<\/span><\/span><\/p>\n<p><span title=\"In zeldzame gevallen kan het voorkomen dat Hildegard uw Persoonsgegevens ingevolge een gerechtelijk bevel of om te voldoen aan andere dwingende wet- of regelgeving moet onthullen.\">En casos excepcionales, Hildegard puede tener que divulgar sus datos personales de conformidad con una orden judicial o cumplir con otras leyes o reglamentos obligatorios. <\/span><span title=\"Hildegard zal in redelijkheid pogen u van tevoren dienaangaande te informeren, tenzij een en ander aan wettelijke beperkingen onderhevig is.\">Hildegard intentar\u00e1 razonablemente informarle con anticipaci\u00f3n al respecto, a menos que est\u00e9 sujeto a restricciones legales. <\/span><span title=\"Op verzoek kunnen jouw gegevens bij ernstige overtredingen van de wet aan de bevoegde autoriteiten (Politie en Justitie) worden verstrekt. \">Previa solicitud, se pueden proporcionar sus datos a las autoridades competentes (Polic\u00eda y Justicia) en caso de violaciones graves de la ley.<\/span><\/p>\n<p><span id=\"result_box\" class=\"\" lang=\"es\" tabindex=\"-1\"><span title=\"Op verzoek kunnen jouw gegevens bij ernstige overtredingen van de wet aan de bevoegde autoriteiten (Politie en Justitie) worden verstrekt. \"><br \/>\n<\/span><span title=\"4. Duur van het bijhouden van de gegevens \"><strong>4. Duraci\u00f3n del mantenimiento de los datos.<\/strong><\/span><\/span><\/p>\n<p><span title=\"Alle persoonsgegevens worden bewaard voor een periode die noodzakelijk is om de dienst te leveren door Hildegard.\">Todos los datos personales se almacenan durante un per\u00edodo que es necesario para proporcionar el servicio por parte de Hildegard. <\/span><span title=\"Al de data wordt bijgehouden voor onb\">Todos los datos se guardan para la ONU.<\/span><\/p>\n<div id=\"ConnectiveDocSignExtentionInstalled\" data-extension-version=\"1.0.4\"><\/div>\n","protected":false},"excerpt":{"rendered":"<p>1. General La farmacia Hildegard (Hildegard NV), con domicilio social en August de Boeckstraat 45, 1140 Bruselas, B\u00e9lgica, registrada en el Belgian Crossroads Bank for Enterprises con el n\u00famero BE 0428.847.688 (en adelante, \u00abHildegard\u00bb) es responsable del procesamiento de sus datos personales. en el sitio web https:\/\/www.apotheekHildegard.be, https:\/\/www.pharmacieHildegard.be; https:\/\/www.pharmacieHildegard.fr, https:\/\/www.apothekeHildegard.de, https:\/\/www.Hildegard.info, https:\/\/www.Hildegardonline.com Como empresa belga, [&hellip;]<\/p>\n","protected":false},"author":7,"featured_media":0,"parent":0,"menu_order":0,"comment_status":"closed","ping_status":"closed","template":"","meta":{"footnotes":""},"class_list":["post-1546","page","type-page","status-publish","hentry"],"yoast_head":"<!-- This site is optimized with the Yoast SEO plugin v27.5 - https:\/\/yoast.com\/product\/yoast-seo-wordpress\/ -->\n<title>Pol\u00edtica de privacidad - Apotheek Hildegard<\/title>\n<meta name=\"robots\" content=\"index, follow, max-snippet:-1, max-image-preview:large, max-video-preview:-1\" \/>\n<link rel=\"canonical\" href=\"https:\/\/www.apotheekhildegard.be\/es\/politica-de-privacidad\/\" \/>\n<meta property=\"og:locale\" content=\"es_ES\" \/>\n<meta property=\"og:type\" content=\"article\" \/>\n<meta property=\"og:title\" content=\"Pol\u00edtica de privacidad - Apotheek Hildegard\" \/>\n<meta property=\"og:description\" content=\"1. General La farmacia Hildegard (Hildegard NV), con domicilio social en August de Boeckstraat 45, 1140 Bruselas, B\u00e9lgica, registrada en el Belgian Crossroads Bank for Enterprises con el n\u00famero BE 0428.847.688 (en adelante, \u00abHildegard\u00bb) es responsable del procesamiento de sus datos personales. en el sitio web https:\/\/www.apotheekHildegard.be, https:\/\/www.pharmacieHildegard.be; https:\/\/www.pharmacieHildegard.fr, https:\/\/www.apothekeHildegard.de, https:\/\/www.Hildegard.info, https:\/\/www.Hildegardonline.com Como empresa belga, [&hellip;]\" \/>\n<meta property=\"og:url\" content=\"https:\/\/www.apotheekhildegard.be\/es\/politica-de-privacidad\/\" \/>\n<meta property=\"og:site_name\" content=\"Apotheek Hildegard\" \/>\n<meta property=\"article:modified_time\" content=\"2018-11-11T19:23:22+00:00\" \/>\n<meta name=\"twitter:card\" content=\"summary_large_image\" \/>\n<meta name=\"twitter:label1\" content=\"Tiempo de lectura\" \/>\n\t<meta name=\"twitter:data1\" content=\"4 minutos\" \/>\n<script type=\"application\/ld+json\" class=\"yoast-schema-graph\">{\"@context\":\"https:\\\/\\\/schema.org\",\"@graph\":[{\"@type\":\"WebPage\",\"@id\":\"https:\\\/\\\/www.apotheekhildegard.be\\\/es\\\/politica-de-privacidad\\\/\",\"url\":\"https:\\\/\\\/www.apotheekhildegard.be\\\/es\\\/politica-de-privacidad\\\/\",\"name\":\"Pol\u00edtica de privacidad - Apotheek Hildegard\",\"isPartOf\":{\"@id\":\"https:\\\/\\\/www.apotheekhildegard.be\\\/fr\\\/#website\"},\"datePublished\":\"2018-08-24T12:12:23+00:00\",\"dateModified\":\"2018-11-11T19:23:22+00:00\",\"breadcrumb\":{\"@id\":\"https:\\\/\\\/www.apotheekhildegard.be\\\/es\\\/politica-de-privacidad\\\/#breadcrumb\"},\"inLanguage\":\"es\",\"potentialAction\":[{\"@type\":\"ReadAction\",\"target\":[\"https:\\\/\\\/www.apotheekhildegard.be\\\/es\\\/politica-de-privacidad\\\/\"]}]},{\"@type\":\"BreadcrumbList\",\"@id\":\"https:\\\/\\\/www.apotheekhildegard.be\\\/es\\\/politica-de-privacidad\\\/#breadcrumb\",\"itemListElement\":[{\"@type\":\"ListItem\",\"position\":1,\"name\":\"Home\",\"item\":\"https:\\\/\\\/www.apotheekhildegard.be\\\/es\\\/\"},{\"@type\":\"ListItem\",\"position\":2,\"name\":\"Pol\u00edtica de privacidad\"}]},{\"@type\":\"WebSite\",\"@id\":\"https:\\\/\\\/www.apotheekhildegard.be\\\/fr\\\/#website\",\"url\":\"https:\\\/\\\/www.apotheekhildegard.be\\\/fr\\\/\",\"name\":\"Apotheek Hildegard\",\"description\":\"\",\"publisher\":{\"@id\":\"https:\\\/\\\/www.apotheekhildegard.be\\\/fr\\\/#organization\"},\"potentialAction\":[{\"@type\":\"SearchAction\",\"target\":{\"@type\":\"EntryPoint\",\"urlTemplate\":\"https:\\\/\\\/www.apotheekhildegard.be\\\/fr\\\/?s={search_term_string}\"},\"query-input\":{\"@type\":\"PropertyValueSpecification\",\"valueRequired\":true,\"valueName\":\"search_term_string\"}}],\"inLanguage\":\"es\"},{\"@type\":\"Organization\",\"@id\":\"https:\\\/\\\/www.apotheekhildegard.be\\\/fr\\\/#organization\",\"name\":\"Hildegard\",\"url\":\"https:\\\/\\\/www.apotheekhildegard.be\\\/fr\\\/\",\"logo\":{\"@type\":\"ImageObject\",\"inLanguage\":\"es\",\"@id\":\"https:\\\/\\\/www.apotheekhildegard.be\\\/fr\\\/#\\\/schema\\\/logo\\\/image\\\/\",\"url\":\"https:\\/\\/www.apotheekhildegard.be\\/wp-content\\/uploads\\/2018\\/10\\/Apotheek-FR-NLGrijs.png\",\"contentUrl\":\"https:\\/\\/www.apotheekhildegard.be\\/wp-content\\/uploads\\/2018\\/10\\/Apotheek-FR-NLGrijs.png\",\"width\":1414,\"height\":528,\"caption\":\"Hildegard\"},\"image\":{\"@id\":\"https:\\\/\\\/www.apotheekhildegard.be\\\/fr\\\/#\\\/schema\\\/logo\\\/image\\\/\"}}]}<\/script>\n<!-- \/ Yoast SEO plugin. -->","yoast_head_json":{"title":"Pol\u00edtica de privacidad - Apotheek Hildegard","robots":{"index":"index","follow":"follow","max-snippet":"max-snippet:-1","max-image-preview":"max-image-preview:large","max-video-preview":"max-video-preview:-1"},"canonical":"https:\/\/www.apotheekhildegard.be\/es\/politica-de-privacidad\/","og_locale":"es_ES","og_type":"article","og_title":"Pol\u00edtica de privacidad - Apotheek Hildegard","og_description":"1. General La farmacia Hildegard (Hildegard NV), con domicilio social en August de Boeckstraat 45, 1140 Bruselas, B\u00e9lgica, registrada en el Belgian Crossroads Bank for Enterprises con el n\u00famero BE 0428.847.688 (en adelante, \u00abHildegard\u00bb) es responsable del procesamiento de sus datos personales. en el sitio web https:\/\/www.apotheekHildegard.be, https:\/\/www.pharmacieHildegard.be; https:\/\/www.pharmacieHildegard.fr, https:\/\/www.apothekeHildegard.de, https:\/\/www.Hildegard.info, https:\/\/www.Hildegardonline.com Como empresa belga, [&hellip;]","og_url":"https:\/\/www.apotheekhildegard.be\/es\/politica-de-privacidad\/","og_site_name":"Apotheek Hildegard","article_modified_time":"2018-11-11T19:23:22+00:00","twitter_card":"summary_large_image","twitter_misc":{"Tiempo de lectura":"4 minutos"},"schema":{"@context":"https:\/\/schema.org","@graph":[{"@type":"WebPage","@id":"https:\/\/www.apotheekhildegard.be\/es\/politica-de-privacidad\/","url":"https:\/\/www.apotheekhildegard.be\/es\/politica-de-privacidad\/","name":"Pol\u00edtica de privacidad - Apotheek Hildegard","isPartOf":{"@id":"https:\/\/www.apotheekhildegard.be\/fr\/#website"},"datePublished":"2018-08-24T12:12:23+00:00","dateModified":"2018-11-11T19:23:22+00:00","breadcrumb":{"@id":"https:\/\/www.apotheekhildegard.be\/es\/politica-de-privacidad\/#breadcrumb"},"inLanguage":"es","potentialAction":[{"@type":"ReadAction","target":["https:\/\/www.apotheekhildegard.be\/es\/politica-de-privacidad\/"]}]},{"@type":"BreadcrumbList","@id":"https:\/\/www.apotheekhildegard.be\/es\/politica-de-privacidad\/#breadcrumb","itemListElement":[{"@type":"ListItem","position":1,"name":"Home","item":"https:\/\/www.apotheekhildegard.be\/es\/"},{"@type":"ListItem","position":2,"name":"Pol\u00edtica de privacidad"}]},{"@type":"WebSite","@id":"https:\/\/www.apotheekhildegard.be\/fr\/#website","url":"https:\/\/www.apotheekhildegard.be\/fr\/","name":"Apotheek Hildegard","description":"","publisher":{"@id":"https:\/\/www.apotheekhildegard.be\/fr\/#organization"},"potentialAction":[{"@type":"SearchAction","target":{"@type":"EntryPoint","urlTemplate":"https:\/\/www.apotheekhildegard.be\/fr\/?s={search_term_string}"},"query-input":{"@type":"PropertyValueSpecification","valueRequired":true,"valueName":"search_term_string"}}],"inLanguage":"es"},{"@type":"Organization","@id":"https:\/\/www.apotheekhildegard.be\/fr\/#organization","name":"Hildegard","url":"https:\/\/www.apotheekhildegard.be\/fr\/","logo":{"@type":"ImageObject","inLanguage":"es","@id":"https:\/\/www.apotheekhildegard.be\/fr\/#\/schema\/logo\/image\/","url":"https:\/\/mlau4lb7mmd5.i.optimole.com\/w:auto\/h:auto\/q:mauto\/f:best\/ig:avif\/https:\/\/www.apotheekhildegard.be\/wp-content\/uploads\/2018\/10\/Apotheek-FR-NLGrijs.png","contentUrl":"https:\/\/mlau4lb7mmd5.i.optimole.com\/w:auto\/h:auto\/q:mauto\/f:best\/ig:avif\/https:\/\/www.apotheekhildegard.be\/wp-content\/uploads\/2018\/10\/Apotheek-FR-NLGrijs.png","width":1414,"height":528,"caption":"Hildegard"},"image":{"@id":"https:\/\/www.apotheekhildegard.be\/fr\/#\/schema\/logo\/image\/"}}]}},"_links":{"self":[{"href":"https:\/\/www.apotheekhildegard.be\/es\/wp-json\/wp\/v2\/pages\/1546","targetHints":{"allow":["GET"]}}],"collection":[{"href":"https:\/\/www.apotheekhildegard.be\/es\/wp-json\/wp\/v2\/pages"}],"about":[{"href":"https:\/\/www.apotheekhildegard.be\/es\/wp-json\/wp\/v2\/types\/page"}],"author":[{"embeddable":true,"href":"https:\/\/www.apotheekhildegard.be\/es\/wp-json\/wp\/v2\/users\/7"}],"replies":[{"embeddable":true,"href":"https:\/\/www.apotheekhildegard.be\/es\/wp-json\/wp\/v2\/comments?post=1546"}],"version-history":[{"count":3,"href":"https:\/\/www.apotheekhildegard.be\/es\/wp-json\/wp\/v2\/pages\/1546\/revisions"}],"predecessor-version":[{"id":1549,"href":"https:\/\/www.apotheekhildegard.be\/es\/wp-json\/wp\/v2\/pages\/1546\/revisions\/1549"}],"wp:attachment":[{"href":"https:\/\/www.apotheekhildegard.be\/es\/wp-json\/wp\/v2\/media?parent=1546"}],"curies":[{"name":"wp","href":"https:\/\/api.w.org\/{rel}","templated":true}]}}