{"id":1408,"date":"2018-08-29T21:15:27","date_gmt":"2018-08-29T21:15:27","guid":{"rendered":"https:\/\/www.apotheekhildegard.be\/micro-immunotherapie\/"},"modified":"2026-03-26T13:17:50","modified_gmt":"2026-03-26T12:17:50","slug":"microinmunoterapia","status":"publish","type":"page","link":"https:\/\/www.apotheekhildegard.be\/es\/microinmunoterapia\/","title":{"rendered":"Microinmunoterapia"},"content":{"rendered":"<p><div class=\"fusion-fullwidth fullwidth-box fusion-builder-row-1 nonhundred-percent-fullwidth non-hundred-percent-height-scrolling fusion-equal-height-columns\" style=\"background-color: rgba(255,255,255,0);background-position: left top;background-repeat: no-repeat;padding-top:60px;padding-right:0px;padding-bottom:100px;padding-left:0px;margin-bottom: 0px;margin-top: 0px;border-width: 0px 0px 0px 0px;border-color:#eae9e9;border-style:solid;\" ><div class=\"fusion-builder-row fusion-row\"><div class=\"fusion-layout-column fusion_builder_column fusion-builder-column-0 fusion_builder_column_2_3 2_3 fusion-two-third fusion-column-first\" style=\"width:65.3333%; margin-right: 4%;margin-top:0px;margin-bottom:30px;\"><div class=\"fusion-column-wrapper fusion-flex-column-wrapper-legacy\" style=\"background-position:left top;background-repeat:no-repeat;-webkit-background-size:cover;-moz-background-size:cover;-o-background-size:cover;background-size:cover;background-color:#ffffff;border-width: 1px 1px 1px 1px;border-color:#dddddd;border-style:solid;padding: 40px 40px 40px 40px;\"><div class=\"fusion-text fusion-text-1\"><h3><strong>Microinmunoterapia<\/strong><\/h3>\n<div id=\"ConnectiveDocSignExtentionInstalled\" data-extension-version=\"1.0.4\"><\/div>\n<\/div><div class=\"fusion-text fusion-text-2\"><p><strong>Definici\u00f3n<\/strong><\/p>\n<p>La microinmunoterapia es una terapia cuyo objetivo es restablecer una comunicaci\u00f3n correcta entre las c\u00e9lulas del sistema inmunitario. Utiliza los mismos mensajeros que el sistema inmunitario para ayudarlo a recuperar su capacidad natural de defensa frente a los agresores o a disminuir su reacci\u00f3n cuando es excesiva.<\/p>\n<p>Puede ser muy \u00fatil en enfermedades, agudas o cr\u00f3nicas, vinculadas a un desequilibrio del sistema inmunitario. Estas enfermedades pueden ser de origen infeccioso, oncol\u00f3gico o autoinmune. Es compatible con otros tratamientos porque no sustituye jam\u00e1s al sistema inmunitario.<\/p>\n<p>La microinmunoterapia puede utilizarse como preventivo o como curativo. Dado que cada paciente tiene un sistema inmunitario \u00fanico,\u00a0 este puede reaccionar de forma distinta a este tratamiento. Si excepcionalmente se produjeran reacciones, no revisten gravedad.<\/p>\n<p><strong>Posolog\u00eda y modo de administraci\u00f3n<\/strong><\/p>\n<p>Dado que esta terapia pretende restablecer el buen funcionamiento del sistema inmunitario, los tratamientos suelen ser largos puesto que el sistema inmunitario tarda cierto tiempo a reaccionar. Su complejidad no le impide reaccionar simult\u00e1neamente de forma r\u00e1pida y profunda. Esto significa que el tratamiento medio oscila entre 3-9 meses, y en algunos casos m\u00e1s.<\/p>\n<p>El tratamiento consiste en tomar prote\u00ednas a muy bajas dosis, que corresponden a las primeras diluciones utilizadas por la homeopat\u00eda.\u00a0 Estas mol\u00e9culas se toman por v\u00eda sublingual y se preparan en forma de gr\u00e1nulos de tipo homeop\u00e1tico.<\/p>\n<p>Los remedios deben tomarse en un orden bien determinado, para imitar lo que ocurre de forma natural en el organismo. Los niveles de diluci\u00f3n utilizados y los principios activos pueden variar dentro de una misma f\u00f3rmula. Por esa raz\u00f3n, el orden de la toma es muy importante.<\/p>\n<p><strong>Fabricaci\u00f3n de remedios microinmunoterap\u00e9uticos y diluciones<\/strong><\/p>\n<p>Las f\u00f3rmulas de microinmunoterapia utilizan una amplia gama de principios inmunitarios (hormonas, citoquinas, neuromediadores, interleuquinas -IL\u2026-, RNA, interferones) denominados \u201cmensajeros\u201d. Estos se preparan en concentraciones siguiendo un proceso de diluci\u00f3n-dinamizaci\u00f3n, lo que garantiza una buena tolerancia.<\/p>\n<\/div><div class=\"fusion-clearfix\"><\/div><\/div><\/div><div class=\"fusion-layout-column fusion_builder_column fusion-builder-column-1 fusion_builder_column_1_3 1_3 fusion-one-third fusion-column-last\" style=\"width:30.6666%;margin-top:0px;margin-bottom:30px;\"><div class=\"fusion-column-wrapper fusion-flex-column-wrapper-legacy\" style=\"background-position:left top;background-repeat:no-repeat;-webkit-background-size:cover;-moz-background-size:cover;-o-background-size:cover;background-size:cover;background-color:#ffffff;border-width: 1px 1px 1px 1px;border-color:#dddddd;border-style:solid;padding: 30px 30px 30px 30px;\"><div class=\"fusion-text fusion-text-3\"><h4 style=\"font-weight: 400; text-align: center;\"><span id=\"result_box\" class=\"short_text\" lang=\"fr\">HORARIO DE APERTURA<\/span><\/h4>\n<div id=\"ConnectiveDocSignExtentionInstalled\" data-extension-version=\"1.0.4\"><\/div>\n<\/div><div class=\"fusion-sep-clear\"><\/div><div class=\"fusion-separator fusion-full-width-sep\" style=\"margin-left: auto;margin-right: auto;margin-top:0px;margin-bottom:30px;width:100%;max-width:100%;\"><div class=\"fusion-separator-border sep-single sep-solid\" style=\"border-color:#3bafbf;border-top-width:2px;\"><\/div><\/div><div class=\"fusion-sep-clear\"><\/div><div class=\"fusion-text fusion-text-4\"><p><strong>Farmacia<\/strong><\/p>\n<div class=\"table-2\">\n<table width=\"100%\">\n<tbody>\n<tr>\n<td style=\"text-align: left;\"><span id=\"result_box\" class=\"short_text\" lang=\"fr\"><span class=\"\">Lunes-Viernes<\/span><\/span><\/td>\n<td style=\"text-align: right;\">9:00 \u2013 18:30<\/td>\n<\/tr>\n<\/tbody>\n<\/table>\n<\/div>\n<div id=\"ConnectiveDocSignExtentionInstalled\" data-extension-version=\"1.0.4\"><\/div>\n<\/div><div class=\"fusion-sep-clear\"><\/div><div class=\"fusion-separator fusion-full-width-sep\" style=\"margin-left: auto;margin-right: auto;margin-top:20px;width:100%;\"><\/div><div class=\"fusion-sep-clear\"><\/div><div class=\"fusion-text fusion-text-5\"><div data-extension-version=\"1.0.4\">\n<p><strong>Laboratorio<\/strong><\/p>\n<div class=\"table-2\">\n<table width=\"100%\">\n<tbody>\n<tr>\n<td>\n<div id=\"gt-res-content\">\n<div id=\"gt-res-dir-ctr\" class=\"trans-verified-button-large\" dir=\"ltr\">\n<div id=\"tts_button\"><span id=\"result_box\" class=\"short_text\" lang=\"fr\"><span class=\"\">Lunes-Viernes<\/span><\/span><\/div>\n<\/div>\n<\/div>\n<\/td>\n<td style=\"text-align: right;\">10:00 \u2013 12:30<\/td>\n<\/tr>\n<tr>\n<td><\/td>\n<td style=\"text-align: right;\">14:00 \u2013 17:00<\/td>\n<\/tr>\n<\/tbody>\n<\/table>\n<\/div>\n<\/div>\n<div id=\"ConnectiveDocSignExtentionInstalled\" data-extension-version=\"1.0.4\"><\/div>\n<\/div><div class=\"fusion-sep-clear\"><\/div><div class=\"fusion-separator fusion-full-width-sep\" style=\"margin-left: auto;margin-right: auto;margin-top:20px;width:100%;\"><\/div><div class=\"fusion-sep-clear\"><\/div><div class=\"fusion-text fusion-text-6\"><h4 style=\"font-weight: 400; text-align: center;\">Mail <a href=\"mailto:hildegard@hildegard.info\">hildegard@hildegard.info<\/a><br \/>\nTel Labo <a href=\"tel:003222153712\">00 32 2\u00a0215 37 12<\/a><\/h4>\n<div id=\"ConnectiveDocSignExtentionInstalled\" data-extension-version=\"1.0.4\"><\/div>\n<\/div><div class=\"fusion-sep-clear\"><\/div><div class=\"fusion-separator fusion-full-width-sep\" style=\"margin-left: auto;margin-right: auto;margin-top:50px;width:100%;\"><\/div><div class=\"fusion-sep-clear\"><\/div><div class=\"fusion-text fusion-text-7\"><h4 style=\"font-weight: 400; text-align: center;\"><span id=\"result_box\" class=\"short_text\" lang=\"fr\"><span class=\"alt-edited\">UBICACI\u00d3N<\/span><\/span><\/h4>\n<div id=\"ConnectiveDocSignExtentionInstalled\" data-extension-version=\"1.0.4\"><\/div>\n<\/div><div class=\"fusion-sep-clear\"><\/div><div class=\"fusion-separator fusion-full-width-sep\" style=\"margin-left: auto;margin-right: auto;margin-top:0px;margin-bottom:30px;width:100%;max-width:100%;\"><div class=\"fusion-separator-border sep-single sep-solid\" style=\"border-color:#3bafbf;border-top-width:2px;\"><\/div><\/div><div class=\"fusion-sep-clear\"><\/div><div class=\"fusion-sep-clear\"><\/div><div class=\"fusion-separator fusion-full-width-sep\" style=\"margin-left: auto;margin-right: auto;margin-top:30px;width:100%;\"><\/div><div class=\"fusion-sep-clear\"><\/div>\t\t\t\t\t<script type=\"text\/javascript\">\n\t\t\t\t\t\tvar map_fusion_map_69f26829d0cd6;\n\t\t\t\t\t\tvar markers = [];\n\t\t\t\t\t\tvar counter = 0;\n\t\t\t\t\t\t\t\t\t\t\t\t\t\t\t\t\t\t\t\tvar fusionMapNonce = 'c99bd38166';\n\t\t\t\t\t\t\t\t\t\t\t\tfunction fusion_run_map_fusion_map_69f26829d0cd6() {\n\t\t\t\t\t\t\tjQuery('#fusion_map_69f26829d0cd6').fusion_maps({\n\t\t\t\t\t\t\t\taddresses: [{\"address\":\"50.8681985,4.3963517,17\",\"infobox_content\":\"Pharmacie Hildegard \\nRue August De Boeck 45 \\t\\n1140 Evere Bruxelles \\nBelgique \\n\",\"coordinates\":false,\"cache\":true,\"latitude\":\"50.8681985\",\"longitude\":\"4.3963517\"}],\n\t\t\t\t\t\t\t\tanimations: true,\n\t\t\t\t\t\t\t\tinfobox_background_color: '',\n\t\t\t\t\t\t\t\tinfobox_styling: 'default',\n\t\t\t\t\t\t\t\tinfobox_text_color: '',\n\t\t\t\t\t\t\t\tmap_style: 'custom',\n\t\t\t\t\t\t\t\tmap_type: 'roadmap',\n\t\t\t\t\t\t\t\tmarker_icon: '',\n\t\t\t\t\t\t\t\toverlay_color: '',\n\t\t\t\t\t\t\t\toverlay_color_hsl: {\"hue\":0,\"sat\":0,\"lum\":100},\n\t\t\t\t\t\t\t\tpan_control: true,\n\t\t\t\t\t\t\t\tshow_address: false,\n\t\t\t\t\t\t\t\tscale_control: true,\n\t\t\t\t\t\t\t\tscrollwheel: false,\n\t\t\t\t\t\t\t\tzoom: 14,\n\t\t\t\t\t\t\t\tzoom_control: true,\n\t\t\t\t\t\t\t});\n\t\t\t\t\t\t}\n\n\t\t\t\t\t\tgoogle.maps.event.addDomListener(window, 'load', fusion_run_map_fusion_map_69f26829d0cd6);\n\t\t\t\t\t<\/script>\n\t\t\t\t\t<div class=\"shortcode-map fusion-google-map fusion-maps-js-type\" id=\"fusion_map_69f26829d0cd6\" style=\"height:300px;width:100%;\"><\/div><div class=\"fusion-clearfix\"><\/div><\/div><\/div>\n<\/div><\/div><div class=\"fusion-fullwidth fullwidth-box fusion-builder-row-2 nonhundred-percent-fullwidth non-hundred-percent-height-scrolling\" style=\"background-color: rgba(255,255,255,0);background-position: center center;background-repeat: no-repeat;padding-top:0px;padding-right:0px;padding-bottom:0px;padding-left:0px;margin-bottom: 0px;margin-top: 0px;border-width: 0px 0px 0px 0px;border-color:#eae9e9;border-style:solid;\" ><div class=\"fusion-builder-row fusion-row\"><div class=\"fusion-layout-column fusion_builder_column fusion-builder-column-2 fusion_builder_column_1_1 1_1 fusion-one-full fusion-column-first fusion-column-last\" style=\"margin-top:0px;margin-bottom:0px;\"><div class=\"fusion-column-wrapper fusion-flex-column-wrapper-legacy\" style=\"background-position:left top;background-repeat:no-repeat;-webkit-background-size:cover;-moz-background-size:cover;-o-background-size:cover;background-size:cover;padding: 0px 0px 0px 0px;\"><div class=\"fusion-text fusion-text-8\"><div id=\"ConnectiveDocSignExtentionInstalled\" data-extension-version=\"1.0.4\"><\/div>\n<div id=\"ConnectiveDocSignExtentionInstalled\" data-extension-version=\"1.0.4\"><\/div>\n<\/div><div class=\"fusion-clearfix\"><\/div><\/div><\/div><\/div><\/div><\/p>\n","protected":false},"excerpt":{"rendered":"","protected":false},"author":7,"featured_media":0,"parent":0,"menu_order":0,"comment_status":"closed","ping_status":"closed","template":"100-width.php","meta":{"footnotes":""},"class_list":["post-1408","page","type-page","status-publish","hentry"],"yoast_head":"<!-- This site is optimized with the Yoast SEO plugin v27.5 - https:\/\/yoast.com\/product\/yoast-seo-wordpress\/ -->\n<title>Microinmunoterapia - Apotheek Hildegard<\/title>\n<meta name=\"robots\" content=\"index, follow, max-snippet:-1, max-image-preview:large, max-video-preview:-1\" \/>\n<link rel=\"canonical\" href=\"https:\/\/www.apotheekhildegard.be\/es\/microinmunoterapia\/\" \/>\n<meta property=\"og:locale\" content=\"es_ES\" \/>\n<meta property=\"og:type\" content=\"article\" \/>\n<meta property=\"og:title\" content=\"Microinmunoterapia - Apotheek Hildegard\" \/>\n<meta property=\"og:url\" content=\"https:\/\/www.apotheekhildegard.be\/es\/microinmunoterapia\/\" \/>\n<meta property=\"og:site_name\" content=\"Apotheek Hildegard\" \/>\n<meta property=\"article:modified_time\" content=\"2026-03-26T12:17:50+00:00\" \/>\n<meta name=\"twitter:card\" content=\"summary_large_image\" \/>\n<meta name=\"twitter:label1\" content=\"Tiempo de lectura\" \/>\n\t<meta name=\"twitter:data1\" content=\"4 minutos\" \/>\n<script type=\"application\/ld+json\" class=\"yoast-schema-graph\">{\"@context\":\"https:\\\/\\\/schema.org\",\"@graph\":[{\"@type\":\"WebPage\",\"@id\":\"https:\\\/\\\/www.apotheekhildegard.be\\\/es\\\/microinmunoterapia\\\/\",\"url\":\"https:\\\/\\\/www.apotheekhildegard.be\\\/es\\\/microinmunoterapia\\\/\",\"name\":\"Microinmunoterapia - Apotheek Hildegard\",\"isPartOf\":{\"@id\":\"https:\\\/\\\/www.apotheekhildegard.be\\\/fr\\\/#website\"},\"datePublished\":\"2018-08-29T21:15:27+00:00\",\"dateModified\":\"2026-03-26T12:17:50+00:00\",\"breadcrumb\":{\"@id\":\"https:\\\/\\\/www.apotheekhildegard.be\\\/es\\\/microinmunoterapia\\\/#breadcrumb\"},\"inLanguage\":\"es\",\"potentialAction\":[{\"@type\":\"ReadAction\",\"target\":[\"https:\\\/\\\/www.apotheekhildegard.be\\\/es\\\/microinmunoterapia\\\/\"]}]},{\"@type\":\"BreadcrumbList\",\"@id\":\"https:\\\/\\\/www.apotheekhildegard.be\\\/es\\\/microinmunoterapia\\\/#breadcrumb\",\"itemListElement\":[{\"@type\":\"ListItem\",\"position\":1,\"name\":\"Home\",\"item\":\"https:\\\/\\\/www.apotheekhildegard.be\\\/es\\\/\"},{\"@type\":\"ListItem\",\"position\":2,\"name\":\"Microinmunoterapia\"}]},{\"@type\":\"WebSite\",\"@id\":\"https:\\\/\\\/www.apotheekhildegard.be\\\/fr\\\/#website\",\"url\":\"https:\\\/\\\/www.apotheekhildegard.be\\\/fr\\\/\",\"name\":\"Apotheek Hildegard\",\"description\":\"\",\"publisher\":{\"@id\":\"https:\\\/\\\/www.apotheekhildegard.be\\\/fr\\\/#organization\"},\"potentialAction\":[{\"@type\":\"SearchAction\",\"target\":{\"@type\":\"EntryPoint\",\"urlTemplate\":\"https:\\\/\\\/www.apotheekhildegard.be\\\/fr\\\/?s={search_term_string}\"},\"query-input\":{\"@type\":\"PropertyValueSpecification\",\"valueRequired\":true,\"valueName\":\"search_term_string\"}}],\"inLanguage\":\"es\"},{\"@type\":\"Organization\",\"@id\":\"https:\\\/\\\/www.apotheekhildegard.be\\\/fr\\\/#organization\",\"name\":\"Hildegard\",\"url\":\"https:\\\/\\\/www.apotheekhildegard.be\\\/fr\\\/\",\"logo\":{\"@type\":\"ImageObject\",\"inLanguage\":\"es\",\"@id\":\"https:\\\/\\\/www.apotheekhildegard.be\\\/fr\\\/#\\\/schema\\\/logo\\\/image\\\/\",\"url\":\"https:\\/\\/www.apotheekhildegard.be\\/wp-content\\/uploads\\/2018\\/10\\/Apotheek-FR-NLGrijs.png\",\"contentUrl\":\"https:\\/\\/www.apotheekhildegard.be\\/wp-content\\/uploads\\/2018\\/10\\/Apotheek-FR-NLGrijs.png\",\"width\":1414,\"height\":528,\"caption\":\"Hildegard\"},\"image\":{\"@id\":\"https:\\\/\\\/www.apotheekhildegard.be\\\/fr\\\/#\\\/schema\\\/logo\\\/image\\\/\"}}]}<\/script>\n<!-- \/ Yoast SEO plugin. -->","yoast_head_json":{"title":"Microinmunoterapia - Apotheek Hildegard","robots":{"index":"index","follow":"follow","max-snippet":"max-snippet:-1","max-image-preview":"max-image-preview:large","max-video-preview":"max-video-preview:-1"},"canonical":"https:\/\/www.apotheekhildegard.be\/es\/microinmunoterapia\/","og_locale":"es_ES","og_type":"article","og_title":"Microinmunoterapia - Apotheek Hildegard","og_url":"https:\/\/www.apotheekhildegard.be\/es\/microinmunoterapia\/","og_site_name":"Apotheek Hildegard","article_modified_time":"2026-03-26T12:17:50+00:00","twitter_card":"summary_large_image","twitter_misc":{"Tiempo de lectura":"4 minutos"},"schema":{"@context":"https:\/\/schema.org","@graph":[{"@type":"WebPage","@id":"https:\/\/www.apotheekhildegard.be\/es\/microinmunoterapia\/","url":"https:\/\/www.apotheekhildegard.be\/es\/microinmunoterapia\/","name":"Microinmunoterapia - Apotheek Hildegard","isPartOf":{"@id":"https:\/\/www.apotheekhildegard.be\/fr\/#website"},"datePublished":"2018-08-29T21:15:27+00:00","dateModified":"2026-03-26T12:17:50+00:00","breadcrumb":{"@id":"https:\/\/www.apotheekhildegard.be\/es\/microinmunoterapia\/#breadcrumb"},"inLanguage":"es","potentialAction":[{"@type":"ReadAction","target":["https:\/\/www.apotheekhildegard.be\/es\/microinmunoterapia\/"]}]},{"@type":"BreadcrumbList","@id":"https:\/\/www.apotheekhildegard.be\/es\/microinmunoterapia\/#breadcrumb","itemListElement":[{"@type":"ListItem","position":1,"name":"Home","item":"https:\/\/www.apotheekhildegard.be\/es\/"},{"@type":"ListItem","position":2,"name":"Microinmunoterapia"}]},{"@type":"WebSite","@id":"https:\/\/www.apotheekhildegard.be\/fr\/#website","url":"https:\/\/www.apotheekhildegard.be\/fr\/","name":"Apotheek Hildegard","description":"","publisher":{"@id":"https:\/\/www.apotheekhildegard.be\/fr\/#organization"},"potentialAction":[{"@type":"SearchAction","target":{"@type":"EntryPoint","urlTemplate":"https:\/\/www.apotheekhildegard.be\/fr\/?s={search_term_string}"},"query-input":{"@type":"PropertyValueSpecification","valueRequired":true,"valueName":"search_term_string"}}],"inLanguage":"es"},{"@type":"Organization","@id":"https:\/\/www.apotheekhildegard.be\/fr\/#organization","name":"Hildegard","url":"https:\/\/www.apotheekhildegard.be\/fr\/","logo":{"@type":"ImageObject","inLanguage":"es","@id":"https:\/\/www.apotheekhildegard.be\/fr\/#\/schema\/logo\/image\/","url":"https:\/\/mlau4lb7mmd5.i.optimole.com\/w:auto\/h:auto\/q:mauto\/f:best\/ig:avif\/https:\/\/www.apotheekhildegard.be\/wp-content\/uploads\/2018\/10\/Apotheek-FR-NLGrijs.png","contentUrl":"https:\/\/mlau4lb7mmd5.i.optimole.com\/w:auto\/h:auto\/q:mauto\/f:best\/ig:avif\/https:\/\/www.apotheekhildegard.be\/wp-content\/uploads\/2018\/10\/Apotheek-FR-NLGrijs.png","width":1414,"height":528,"caption":"Hildegard"},"image":{"@id":"https:\/\/www.apotheekhildegard.be\/fr\/#\/schema\/logo\/image\/"}}]}},"_links":{"self":[{"href":"https:\/\/www.apotheekhildegard.be\/es\/wp-json\/wp\/v2\/pages\/1408","targetHints":{"allow":["GET"]}}],"collection":[{"href":"https:\/\/www.apotheekhildegard.be\/es\/wp-json\/wp\/v2\/pages"}],"about":[{"href":"https:\/\/www.apotheekhildegard.be\/es\/wp-json\/wp\/v2\/types\/page"}],"author":[{"embeddable":true,"href":"https:\/\/www.apotheekhildegard.be\/es\/wp-json\/wp\/v2\/users\/7"}],"replies":[{"embeddable":true,"href":"https:\/\/www.apotheekhildegard.be\/es\/wp-json\/wp\/v2\/comments?post=1408"}],"version-history":[{"count":5,"href":"https:\/\/www.apotheekhildegard.be\/es\/wp-json\/wp\/v2\/pages\/1408\/revisions"}],"predecessor-version":[{"id":1692,"href":"https:\/\/www.apotheekhildegard.be\/es\/wp-json\/wp\/v2\/pages\/1408\/revisions\/1692"}],"wp:attachment":[{"href":"https:\/\/www.apotheekhildegard.be\/es\/wp-json\/wp\/v2\/media?parent=1408"}],"curies":[{"name":"wp","href":"https:\/\/api.w.org\/{rel}","templated":true}]}}