{"id":1507,"date":"2018-09-05T21:48:17","date_gmt":"2018-09-05T21:48:17","guid":{"rendered":"https:\/\/www.apotheekhildegard.be\/verkoopsvoorwaarden\/"},"modified":"2018-11-11T19:00:48","modified_gmt":"2018-11-11T19:00:48","slug":"allgemeine-verkaufsbedingungen","status":"publish","type":"page","link":"https:\/\/www.apotheekhildegard.be\/de\/allgemeine-verkaufsbedingungen\/","title":{"rendered":"Allgemeine Verkaufsbedingungen"},"content":{"rendered":"<p><span id=\"result_box\" class=\"\" lang=\"de\"><span title=\"Algemene verkoopsvoorwaarden \">Allgemeine Verkaufsbedingungen<\/span><\/span><\/p>\n<p><strong><span title=\"Art.\">Art. <\/span><\/strong><span title=\"1 : Toepassing \"><strong>1: Anwendung<\/strong><\/span><\/p>\n<p><span title=\"Deze algemene verkoopsvoorwaarden gelden voor alle ons overgemaakte bestellingen.\">Diese Allgemeinen Gesch\u00e4ftsbedingungen gelten f\u00fcr alle Bestellungen, die an uns \u00fcbermittelt werden. <\/span><span title=\"De klant wordt geacht ze te aanvaarden door het enkele feit van zijn bestelling. \">Der Kunde akzeptiert sie durch die blo\u00dfe Tatsache seiner Bestellung.<\/span><\/p>\n<p><strong><span title=\"Art.\">Art. <\/span><\/strong><span title=\"2 : Orderopname en bevestiging van bestelling \"><strong>2: Auftragserfassung und Auftragsbest\u00e4tigung<\/strong><\/span><\/p>\n<p><span title=\"Overeenkomstig de gebruiken binnen het beroep, worden bestellingen via internet of teletransmissie doorgegeven en maken zij, behoudens uitzonderlijke gevallen, niet het voorwerp uit van een door de klant ondertekende bestelbon.\">Nach den Gepflogenheiten des Berufsstandes werden Bestellungen \u00fcber Internet oder Fern\u00fcbertragung \u00fcbermittelt und sind, au\u00dfer in Ausnahmef\u00e4llen, nicht Gegenstand eines vom Kunden unterzeichneten Bestellformulars. <\/span><span title=\"De bestelling is geldig zodra de klant de bestelling aan de NV Hildegard schriftelijk of elektronisch heeft toegezonden of de bestelling succesvol heeft geplaatst op de website van de NV Hildegard.\">Die Bestellung ist g\u00fcltig, sobald der Kunde die Bestellung schriftlich oder elektronisch an NV Hildegard gesendet hat oder die Bestellung erfolgreich auf der Website von NV Hildegard aufgegeben hat. <\/span><span title=\"De aanbiedingen op onze website gelden zolang de voorraad strekt. \">Die Angebote auf unserer Website gelten solange der Vorrat reicht.<\/span><\/p>\n<p><strong><span title=\"Art.\">Art. <\/span><\/strong><span title=\"3 : Leveringstermijnen \"><strong>3: Lieferbedingungen<\/strong><\/span><\/p>\n<p><span title=\"Behoudens andersluidende, schriftelijke overeenkomst, worden de producten geleverd binnen 30 dagen vanaf de bestelling.\">Wenn nichts anderes schriftlich vereinbart ist, werden die Produkte innerhalb von 30 Tagen ab Bestellung geliefert. <\/span><span title=\"Indien de voorraad niet voldoende is om uw bestelling volledig uit te voeren, wordt u hiervan binnen 5 werkdagen per e-mail of per fax op de hoogte gebracht.\">Wenn der Vorrat nicht ausreicht, um Ihre Bestellung vollst\u00e4ndig auszuf\u00fchren, werden Sie innerhalb von 5 Werktagen per E-Mail oder Fax benachrichtigt. <\/span><span title=\"U krijgt dan de keuze om uw bestelling te annuleren. \">Sie haben dann die Wahl, Ihre Bestellung zu stornieren.<\/span><\/p>\n<p><strong><span title=\"Art.\">Art. <\/span><\/strong><span title=\"4 : Transport \"><strong>4: Transport<\/strong><\/span><\/p>\n<p><span title=\"Behoudens andersluidende, schriftelijke overeenkomst, worden onze goederen verzonden, zelfs indien de transportkosten te onze laste vallen, op risico van de koper. \">Soweit nichts anderes schriftlich vereinbart ist, erfolgt der Versand unserer Ware auch dann, wenn die Transportkosten auf unsere Kosten gehen, auf Gefahr des K\u00e4ufers.<\/span><\/p>\n<p><strong><span title=\"Art.\">Art. <\/span><\/strong><span title=\"5 : Verzaking \"><strong>5: Entsagung<\/strong><\/span><\/p>\n<p><span title=\"De klant heeft het recht om per e-mail of per fax binnen 14 werkdagen, vanaf de dag die volgt op de levering van het product, aan de overeenkomst te verzaken zonder betaling van een boete en zonder opgave van redenen.\">Der Kunde hat das Recht, den Vertrag per E-Mail oder Fax innerhalb von 14 Werktagen ab dem auf die Lieferung des Produkts folgenden Tag ohne Vertragsstrafe und ohne Angabe von Gr\u00fcnden zu widerrufen. <\/span><span title=\"De klant zal, op eigen kosten en eigen risico, het product binnen 14 werkdagen na ontvangst in zijn originele staat terugzenden naar de NV Hildegard.\">Der Kunde muss das Produkt auf eigene Kosten und auf eigene Gefahr innerhalb von 14 Werktagen nach Erhalt an NV Hildegard zur\u00fccksenden. <\/span><span title=\"Desgevallend zal de NV Hildegard de ontvangen betalingen binnen 30 dagen vanaf de verzaking terugbetalen. \">Falls zutreffend, erstattet NV Hildegard die erhaltenen Zahlungen innerhalb von 30 Tagen nach der Stornierung.<\/span><\/p>\n<p><span title=\"De NV Hildegard behoudt het recht om teruggezonden producten te weigeren of om slechts een gedeelte van het reeds betaalde bedrag terug te storten wanneer het product door toedoen van de klant is beschadigd.\">NV Hildegard beh\u00e4lt sich das Recht vor, zur\u00fcckgegebene Produkte abzulehnen oder nur einen Teil des bereits gezahlten Betrags zu erstatten, wenn das Produkt vom Kunden besch\u00e4digt wurde. <\/span><span title=\"In dergelijk geval wordt de klant per e-mail of per fax op de hoogte gebracht. \">In diesem Fall wird der Kunde per E-Mail oder per Fax informiert.<\/span><\/p>\n<p><span title=\"Dit verzakingsrecht geldt niet voor goederen die op aanwijzing van de klant zijn vervaardigd of een duidelijk persoonlijk karakter hebben of die door hun aard niet kunnen worden teruggezonden of snel kunnen bederven of verouderen. \">Dieses Verzichtsrecht gilt nicht f\u00fcr Waren, die auf Anweisung des Kunden hergestellt werden oder eindeutig pers\u00f6nlichen Charakter haben oder aufgrund ihrer Beschaffenheit nicht zur\u00fcckgegeben werden k\u00f6nnen oder die schnell verderben oder altern k\u00f6nnen.<\/span><\/p>\n<p><strong><span title=\"Art.\">Art. <\/span><\/strong><span title=\"6: Klachten \"><strong>6: Beschwerden<\/strong><\/span><\/p>\n<p><span title=\"Om geldig te zijn, dienen klachten per gemotiveerd en aangetekend schrijven gemeld te worden binnen 8 dagen na ontvangst van de geneesmiddelen. \">Um g\u00fcltig zu sein, m\u00fcssen Beschwerden innerhalb von 8 Tagen nach Erhalt der Arzneimittel mit einem motivierten und eingeschriebenen Brief gemeldet werden.<\/span><\/p>\n<p><strong><span title=\"Art.\">Art. <\/span><\/strong><span title=\"7 : Betaling \"><strong>7: zahlung<\/strong><\/span><\/p>\n<p><span title=\"Behoudens andersluidende, schriftelijke overeenkomst, zijn de facturen netto contant betaalbaar, zonder korting noch kosten voor ons.\">Soweit nichts anderes schriftlich vereinbart ist, sind die Rechnungen netto in bar ohne Abzug oder Kosten f\u00fcr uns zahlbar. <\/span><span title=\"Elk niet op de overeengekomen vervaldag betaald bedrag wordt van rechtswege en zonder voorafgaande ingebrekestelling vermeerderd met een interest van 1 % per maand en met 15 % - met een minimum van 125 \u20ac - als forfaitaire vergoeding voor onze buitenrechtelijke schade.\">Jeder nicht zum vereinbarten F\u00e4lligkeitstag gezahlte Betrag ist automatisch und ohne vorherige Inverzugsetzung zuz\u00fcglich Zinsen in H\u00f6he von 1% pro Monat und mit 15% &#8211; mindestens \u20ac 125 &#8211; als pauschalierter Schadensersatz f\u00fcr unseren au\u00dfergerichtlichen Schaden. <\/span><span title=\"De eigendom van de verkochte goederen wordt overgedragen aan de klant na volledige betaling van de overeengekomen prijs. \">Das Eigentum an der verkauften Ware geht nach vollst\u00e4ndiger Bezahlung des vereinbarten Preises auf den Kunden \u00fcber.<\/span><\/p>\n<p><strong><span title=\"Art.\">Art. <\/span><\/strong><span title=\"8 : Prijs en kosten \"><strong>8: Preis und Kosten<\/strong><\/span><\/p>\n<p><span title=\"De prijzen en de administratieve en portokosten zijn vermeld op de website of kunnen op eenvoudige vraag bekomen worden. \">Die Preise sowie die Verwaltungs- und Portokosten sind auf der Website angegeben oder auf einfache Anfrage erh\u00e4ltlich.<\/span><\/p>\n<p><strong><span title=\"Art.\">Art. <\/span><\/strong><span title=\"9 : Rechtsbevoegdheid \"><strong>9: Gerichtsstand<\/strong><\/span><\/p>\n<p><span title=\"Het Belgisch recht is van toepassing op al onze verkopen.\">Das belgische Recht gilt f\u00fcr alle unsere Verk\u00e4ufe. <\/span><span title=\"Voor alle geschillen met betrekking tot onderhavige overeenkomst zijn uitsluitend de rechtbanken van Kortrijk (Belgi\u00eb) bevoegd. \">F\u00fcr alle Streitigkeiten im Zusammenhang mit dieser Vereinbarung sind nur die Gerichte von Kortrijk (Belgien) zust\u00e4ndig.<\/span><\/p>\n<p><strong><span title=\"Art.\">Art. <\/span><\/strong><span title=\"10 : Taal \"><strong>10: Sprache<\/strong><\/span><\/p>\n<p><span title=\"De Nederlandse taal wordt als gebruikelijke handelstaal aanzien en heeft steeds voorrang op al onze teksten in andere talen of gebruikelijke vertalingen. \">Die niederl\u00e4ndische Sprache wird als die \u00fcbliche Handelssprache angesehen und hat immer Vorrang vor allen unseren Texten in anderen Sprachen oder \u00fcblichen \u00dcbersetzungen.<\/span><\/p>\n<p><span title=\"Conditions g\u00e9n\u00e9rales de vente \">Allgemeine Bedingungen<\/span><\/p>\n<p><strong><span title=\"Art.\">Art. <\/span><\/strong><span title=\"1 : Application \"><strong>1: Anwendung<\/strong><\/span><\/p>\n<p><span title=\"Ces conditions g\u00e9n\u00e9rales de vente sont d\u2019application pour toutes les commandes qui nous parviennent.\">Die Bedingungen f\u00fcr die Anwendung der Unterrichtsregeln sind von gleicher Bedeutung. <\/span><span title=\"Le client est cens\u00e9 accepter ces conditions de vente par le seul fait de sa commande. \">Der Kunde akzeptiert die Bedingungen der Zustellung des \u00f6ffentlichen Dienstes.<\/span><\/p>\n<p><strong><span title=\"Art.\">Art. <\/span><\/strong><span title=\"2 : D\u00e9p\u00f4t de commande et confirmation de la commande \"><strong>2: D\u00e9p\u00f4t de commande und Best\u00e4tigung des Befehls<\/strong><\/span><\/p>\n<p><span title=\"Conform\u00e9ment aux usages de notre profession, les commandes sont pass\u00e9es via internet ou par t\u00e9l\u00e9transmission.\">Conform\u00e9ment aux usages de notre profession, les commandes sont pass\u00e9es via internet oder fernsehsendung. <\/span><span title=\"Elles ne font pas, sauf cas exceptionnels, l'objet d'un bon de commande sign\u00e9 par le client.\">Elles ne font pas, saus cas exceptionelels, l&#8217;objet d&#8217;un bon de commande sign\u00e9 von Client. <\/span><span title=\"La commande est valable d\u00e8s que le client a envoy\u00e9 sa commande \u00e0 la SA Hildegard par \u00e9crit ou par voie \u00e9lectronique, ou a plac\u00e9 sa commande avec succ\u00e8s sur le site internet de la SA Hildegard.\">Der Kunde kann ein Gesandter sein und ein Gesandter im Auftrag von SA Hildegard, wenn Sie ein Mitglied des Vereinten Nationen sind, oder einen Ort, an dem Sie \u00fcber den Internetauftritt des Unternehmens SA Hildegard verf\u00fcgen. <\/span><span title=\"Les offres plac\u00e9es sur notre site internet sont valables jusqu\u2019\u00e0 \u00e9puisement du stock. \">Les offres plac\u00e9es sur notre site internet sont valables ist ein \u00e9puisement du stock.<\/span><\/p>\n<p><strong><span title=\"Art.\">Art. <\/span><\/strong><span title=\"3 : D\u00e9lais de livraison \"><strong>3: D\u00e9lais die Livraison<\/strong><\/span><\/p>\n<p><span title=\"Sauf accord contraire \u00e9crit, les produits sont livr\u00e9s end\u00e9ans les 30 jours suivant le jour de la commande.\">Sauf accord contraire \u00e9crit, die Produkte werden vor 30 Jahren nach dem Kommando gestellt. <\/span><span title=\"Si le stock n\u2019est pas suffisant pour ex\u00e9cuter enti\u00e8rement votre commande, vous en serez avis\u00e9 end\u00e9ans les 5 jours ouvrables par courrier \u00e9lectronique ou par fax.\">Es ist nicht ausreichend, dass Sie in den Genuss von Vorschl\u00e4gen gelangen, die Sie in den n\u00e4chsten 5 Wochen vor dem Versand per E-Mail oder Fax erhalten. <\/span><span title=\"Vous aurez alors la possibilit\u00e9 d\u2019annuler votre commande. \">Vous aurez alors la possibilit\u00e9 d&#8217;annuler votre commande.<\/span><\/p>\n<p><strong><span title=\"Art.\">Art. <\/span><\/strong><span title=\"4 : Transport \"><strong>4: Transport<\/strong><\/span><\/p>\n<p><span title=\"Sauf accord contraire \u00e9crit, nos produits sont envoy\u00e9s aux risques de l'acheteur, m\u00eame si les frais de transport sont \u00e0 notre charge. \">Sauf accord contraire \u00e9crit, keine Produkte, die in den Genuss von Zusatzleistungen kommen, und das hei\u00dft, dass der Transport von Transportmitteln kostenlos ist.<\/span><\/p>\n<p><strong><span title=\"Art.\">Art. <\/span><\/strong><span title=\"5 : R\u00e9siliation \"><strong>5: Neuansiedlung<\/strong><\/span><\/p>\n<p><span title=\"Pendant une p\u00e9riode de 14 jours ouvrables \u00e0 compter du jour qui suit le jour de la livraison, le client peut,\">Anh\u00e4nger in 14 Tagen nach 14 Tagen der Reise in den Urlaub, der Kunde peut,<\/span><\/p>\n<div id=\"ConnectiveDocSignExtentionInstalled\" data-extension-version=\"1.0.4\"><\/div>\n","protected":false},"excerpt":{"rendered":"<p>Allgemeine Verkaufsbedingungen Art. 1: Anwendung Diese Allgemeinen Gesch\u00e4ftsbedingungen gelten f\u00fcr alle Bestellungen, die an uns \u00fcbermittelt werden. Der Kunde akzeptiert sie durch die blo\u00dfe Tatsache seiner Bestellung. Art. 2: Auftragserfassung und Auftragsbest\u00e4tigung Nach den Gepflogenheiten des Berufsstandes werden Bestellungen \u00fcber Internet oder Fern\u00fcbertragung \u00fcbermittelt und sind, au\u00dfer in Ausnahmef\u00e4llen, nicht Gegenstand eines vom Kunden unterzeichneten [&hellip;]<\/p>\n","protected":false},"author":7,"featured_media":0,"parent":0,"menu_order":0,"comment_status":"closed","ping_status":"closed","template":"","meta":{"footnotes":""},"class_list":["post-1507","page","type-page","status-publish","hentry"],"yoast_head":"<!-- This site is optimized with the Yoast SEO plugin v27.5 - https:\/\/yoast.com\/product\/yoast-seo-wordpress\/ -->\n<title>Allgemeine Verkaufsbedingungen - Apotheek Hildegard<\/title>\n<meta name=\"robots\" content=\"index, follow, max-snippet:-1, max-image-preview:large, max-video-preview:-1\" \/>\n<link rel=\"canonical\" href=\"https:\/\/www.apotheekhildegard.be\/de\/allgemeine-verkaufsbedingungen\/\" \/>\n<meta property=\"og:locale\" content=\"de_DE\" \/>\n<meta property=\"og:type\" content=\"article\" \/>\n<meta property=\"og:title\" content=\"Allgemeine Verkaufsbedingungen - Apotheek Hildegard\" \/>\n<meta property=\"og:description\" content=\"Allgemeine Verkaufsbedingungen Art. 1: Anwendung Diese Allgemeinen Gesch\u00e4ftsbedingungen gelten f\u00fcr alle Bestellungen, die an uns \u00fcbermittelt werden. Der Kunde akzeptiert sie durch die blo\u00dfe Tatsache seiner Bestellung. Art. 2: Auftragserfassung und Auftragsbest\u00e4tigung Nach den Gepflogenheiten des Berufsstandes werden Bestellungen \u00fcber Internet oder Fern\u00fcbertragung \u00fcbermittelt und sind, au\u00dfer in Ausnahmef\u00e4llen, nicht Gegenstand eines vom Kunden unterzeichneten [&hellip;]\" \/>\n<meta property=\"og:url\" content=\"https:\/\/www.apotheekhildegard.be\/de\/allgemeine-verkaufsbedingungen\/\" \/>\n<meta property=\"og:site_name\" content=\"Apotheek Hildegard\" \/>\n<meta property=\"article:modified_time\" content=\"2018-11-11T19:00:48+00:00\" \/>\n<meta name=\"twitter:card\" content=\"summary_large_image\" \/>\n<meta name=\"twitter:label1\" content=\"Gesch\u00e4tzte Lesezeit\" \/>\n\t<meta name=\"twitter:data1\" content=\"4\u00a0Minuten\" \/>\n<script type=\"application\/ld+json\" class=\"yoast-schema-graph\">{\"@context\":\"https:\\\/\\\/schema.org\",\"@graph\":[{\"@type\":\"WebPage\",\"@id\":\"https:\\\/\\\/www.apotheekhildegard.be\\\/de\\\/allgemeine-verkaufsbedingungen\\\/\",\"url\":\"https:\\\/\\\/www.apotheekhildegard.be\\\/de\\\/allgemeine-verkaufsbedingungen\\\/\",\"name\":\"Allgemeine Verkaufsbedingungen - Apotheek Hildegard\",\"isPartOf\":{\"@id\":\"https:\\\/\\\/www.apotheekhildegard.be\\\/fr\\\/#website\"},\"datePublished\":\"2018-09-05T21:48:17+00:00\",\"dateModified\":\"2018-11-11T19:00:48+00:00\",\"breadcrumb\":{\"@id\":\"https:\\\/\\\/www.apotheekhildegard.be\\\/de\\\/allgemeine-verkaufsbedingungen\\\/#breadcrumb\"},\"inLanguage\":\"de\",\"potentialAction\":[{\"@type\":\"ReadAction\",\"target\":[\"https:\\\/\\\/www.apotheekhildegard.be\\\/de\\\/allgemeine-verkaufsbedingungen\\\/\"]}]},{\"@type\":\"BreadcrumbList\",\"@id\":\"https:\\\/\\\/www.apotheekhildegard.be\\\/de\\\/allgemeine-verkaufsbedingungen\\\/#breadcrumb\",\"itemListElement\":[{\"@type\":\"ListItem\",\"position\":1,\"name\":\"Home\",\"item\":\"https:\\\/\\\/www.apotheekhildegard.be\\\/de\\\/\"},{\"@type\":\"ListItem\",\"position\":2,\"name\":\"Allgemeine Verkaufsbedingungen\"}]},{\"@type\":\"WebSite\",\"@id\":\"https:\\\/\\\/www.apotheekhildegard.be\\\/fr\\\/#website\",\"url\":\"https:\\\/\\\/www.apotheekhildegard.be\\\/fr\\\/\",\"name\":\"Apotheek Hildegard\",\"description\":\"\",\"publisher\":{\"@id\":\"https:\\\/\\\/www.apotheekhildegard.be\\\/fr\\\/#organization\"},\"potentialAction\":[{\"@type\":\"SearchAction\",\"target\":{\"@type\":\"EntryPoint\",\"urlTemplate\":\"https:\\\/\\\/www.apotheekhildegard.be\\\/fr\\\/?s={search_term_string}\"},\"query-input\":{\"@type\":\"PropertyValueSpecification\",\"valueRequired\":true,\"valueName\":\"search_term_string\"}}],\"inLanguage\":\"de\"},{\"@type\":\"Organization\",\"@id\":\"https:\\\/\\\/www.apotheekhildegard.be\\\/fr\\\/#organization\",\"name\":\"Hildegard\",\"url\":\"https:\\\/\\\/www.apotheekhildegard.be\\\/fr\\\/\",\"logo\":{\"@type\":\"ImageObject\",\"inLanguage\":\"de\",\"@id\":\"https:\\\/\\\/www.apotheekhildegard.be\\\/fr\\\/#\\\/schema\\\/logo\\\/image\\\/\",\"url\":\"https:\\/\\/www.apotheekhildegard.be\\/wp-content\\/uploads\\/2018\\/10\\/Apotheek-FR-NLGrijs.png\",\"contentUrl\":\"https:\\/\\/www.apotheekhildegard.be\\/wp-content\\/uploads\\/2018\\/10\\/Apotheek-FR-NLGrijs.png\",\"width\":1414,\"height\":528,\"caption\":\"Hildegard\"},\"image\":{\"@id\":\"https:\\\/\\\/www.apotheekhildegard.be\\\/fr\\\/#\\\/schema\\\/logo\\\/image\\\/\"}}]}<\/script>\n<!-- \/ Yoast SEO plugin. -->","yoast_head_json":{"title":"Allgemeine Verkaufsbedingungen - Apotheek Hildegard","robots":{"index":"index","follow":"follow","max-snippet":"max-snippet:-1","max-image-preview":"max-image-preview:large","max-video-preview":"max-video-preview:-1"},"canonical":"https:\/\/www.apotheekhildegard.be\/de\/allgemeine-verkaufsbedingungen\/","og_locale":"de_DE","og_type":"article","og_title":"Allgemeine Verkaufsbedingungen - Apotheek Hildegard","og_description":"Allgemeine Verkaufsbedingungen Art. 1: Anwendung Diese Allgemeinen Gesch\u00e4ftsbedingungen gelten f\u00fcr alle Bestellungen, die an uns \u00fcbermittelt werden. Der Kunde akzeptiert sie durch die blo\u00dfe Tatsache seiner Bestellung. Art. 2: Auftragserfassung und Auftragsbest\u00e4tigung Nach den Gepflogenheiten des Berufsstandes werden Bestellungen \u00fcber Internet oder Fern\u00fcbertragung \u00fcbermittelt und sind, au\u00dfer in Ausnahmef\u00e4llen, nicht Gegenstand eines vom Kunden unterzeichneten [&hellip;]","og_url":"https:\/\/www.apotheekhildegard.be\/de\/allgemeine-verkaufsbedingungen\/","og_site_name":"Apotheek Hildegard","article_modified_time":"2018-11-11T19:00:48+00:00","twitter_card":"summary_large_image","twitter_misc":{"Gesch\u00e4tzte Lesezeit":"4\u00a0Minuten"},"schema":{"@context":"https:\/\/schema.org","@graph":[{"@type":"WebPage","@id":"https:\/\/www.apotheekhildegard.be\/de\/allgemeine-verkaufsbedingungen\/","url":"https:\/\/www.apotheekhildegard.be\/de\/allgemeine-verkaufsbedingungen\/","name":"Allgemeine Verkaufsbedingungen - Apotheek Hildegard","isPartOf":{"@id":"https:\/\/www.apotheekhildegard.be\/fr\/#website"},"datePublished":"2018-09-05T21:48:17+00:00","dateModified":"2018-11-11T19:00:48+00:00","breadcrumb":{"@id":"https:\/\/www.apotheekhildegard.be\/de\/allgemeine-verkaufsbedingungen\/#breadcrumb"},"inLanguage":"de","potentialAction":[{"@type":"ReadAction","target":["https:\/\/www.apotheekhildegard.be\/de\/allgemeine-verkaufsbedingungen\/"]}]},{"@type":"BreadcrumbList","@id":"https:\/\/www.apotheekhildegard.be\/de\/allgemeine-verkaufsbedingungen\/#breadcrumb","itemListElement":[{"@type":"ListItem","position":1,"name":"Home","item":"https:\/\/www.apotheekhildegard.be\/de\/"},{"@type":"ListItem","position":2,"name":"Allgemeine Verkaufsbedingungen"}]},{"@type":"WebSite","@id":"https:\/\/www.apotheekhildegard.be\/fr\/#website","url":"https:\/\/www.apotheekhildegard.be\/fr\/","name":"Apotheek Hildegard","description":"","publisher":{"@id":"https:\/\/www.apotheekhildegard.be\/fr\/#organization"},"potentialAction":[{"@type":"SearchAction","target":{"@type":"EntryPoint","urlTemplate":"https:\/\/www.apotheekhildegard.be\/fr\/?s={search_term_string}"},"query-input":{"@type":"PropertyValueSpecification","valueRequired":true,"valueName":"search_term_string"}}],"inLanguage":"de"},{"@type":"Organization","@id":"https:\/\/www.apotheekhildegard.be\/fr\/#organization","name":"Hildegard","url":"https:\/\/www.apotheekhildegard.be\/fr\/","logo":{"@type":"ImageObject","inLanguage":"de","@id":"https:\/\/www.apotheekhildegard.be\/fr\/#\/schema\/logo\/image\/","url":"https:\/\/mlau4lb7mmd5.i.optimole.com\/w:auto\/h:auto\/q:mauto\/f:best\/ig:avif\/https:\/\/www.apotheekhildegard.be\/wp-content\/uploads\/2018\/10\/Apotheek-FR-NLGrijs.png","contentUrl":"https:\/\/mlau4lb7mmd5.i.optimole.com\/w:auto\/h:auto\/q:mauto\/f:best\/ig:avif\/https:\/\/www.apotheekhildegard.be\/wp-content\/uploads\/2018\/10\/Apotheek-FR-NLGrijs.png","width":1414,"height":528,"caption":"Hildegard"},"image":{"@id":"https:\/\/www.apotheekhildegard.be\/fr\/#\/schema\/logo\/image\/"}}]}},"_links":{"self":[{"href":"https:\/\/www.apotheekhildegard.be\/de\/wp-json\/wp\/v2\/pages\/1507","targetHints":{"allow":["GET"]}}],"collection":[{"href":"https:\/\/www.apotheekhildegard.be\/de\/wp-json\/wp\/v2\/pages"}],"about":[{"href":"https:\/\/www.apotheekhildegard.be\/de\/wp-json\/wp\/v2\/types\/page"}],"author":[{"embeddable":true,"href":"https:\/\/www.apotheekhildegard.be\/de\/wp-json\/wp\/v2\/users\/7"}],"replies":[{"embeddable":true,"href":"https:\/\/www.apotheekhildegard.be\/de\/wp-json\/wp\/v2\/comments?post=1507"}],"version-history":[{"count":3,"href":"https:\/\/www.apotheekhildegard.be\/de\/wp-json\/wp\/v2\/pages\/1507\/revisions"}],"predecessor-version":[{"id":1510,"href":"https:\/\/www.apotheekhildegard.be\/de\/wp-json\/wp\/v2\/pages\/1507\/revisions\/1510"}],"wp:attachment":[{"href":"https:\/\/www.apotheekhildegard.be\/de\/wp-json\/wp\/v2\/media?parent=1507"}],"curies":[{"name":"wp","href":"https:\/\/api.w.org\/{rel}","templated":true}]}}