{"id":1500,"date":"2018-11-11T18:52:08","date_gmt":"2018-11-11T18:52:08","guid":{"rendered":"https:\/\/www.apotheekhildegard.be\/?page_id=1500"},"modified":"2018-11-11T18:54:19","modified_gmt":"2018-11-11T18:54:19","slug":"privacy-policy","status":"publish","type":"page","link":"https:\/\/www.apotheekhildegard.be\/de\/privacy-policy\/","title":{"rendered":"Datenschutzrichtlinie"},"content":{"rendered":"<p><span id=\"result_box\" class=\"\" lang=\"de\"><span title=\"1. Algemeen \"><strong>1. Allgemeines<\/strong><\/span><\/span><\/p>\n<p><span title=\"De Apotheek Hildegard (Hildegard NV), met maatschappelijke zetel te August de Boeckstraat 45, 1140 Brussel, Belgi\u00eb, in de Belgische Kruispuntbank der Ondernemingen ingeschreven onder het nummer BE 0428.847.688 (hierna \u201cHildegard\u201d) is verantwoordelijk voor de verwerking van uw persoonsgegevens\">Die Apotheke Hildegard (Hildegard NV) mit Sitz in August de Boeckstraat 45, 1140 Br\u00fcssel, Belgien, die bei der belgischen Crossroads Bank for Enterprises unter der Nummer BE 0428.847.688 (nachstehend &#8222;Hildegard&#8220;) eingetragen ist, ist f\u00fcr die Verarbeitung Ihrer personenbezogenen Daten verantwortlich <\/span><span title=\"op de website https:\/\/www.apotheekHildegard.be, https:\/\/www.pharmacieHildegard.be;\">auf der Website https:\/\/www.apotheekHildegard.be, <a href=\"https:\/\/www.pharmacieHildegard.be\">https:\/\/www.pharmacieHildegard.be<\/a>; <\/span><span title=\"https:\/\/www.pharmacieHildegard.fr, https:\/\/www.apothekeHildegard.de, https:\/\/www.Hildegard.info, https:\/\/www.Hildegardonline.com \"><a href=\"https:\/\/www.pharmacieHildegard.fr\">https:\/\/www.pharmacieHildegard.fr<\/a>, <a href=\"https:\/\/www.apothekeHildegard.de\">https:\/\/www.apothekeHildegard.de<\/a>, <a href=\"https:\/\/www.Hildegard.info\">https:\/\/www.Hildegard.info<\/a>, <a href=\"https:\/\/www.Hildegardonline.com\">https:\/\/www.Hildegardonline.com<\/a><\/span><\/p>\n<p><span title=\"Hildegard leeft als Belgische vennootschap de Belgische 'Wet van 8 december 1992 tot bescherming van de persoonlijke levenssfeer ten opzichte van de verwerking van persoonsgegevens' na, zoals gewijzigd door de Wet van 11 december 1998, alsook de 'Wet van 13 juni 2005 betreffende de elektronische\">Als belgisches Unternehmen folgt Hildegard dem belgischen Gesetz vom 8. Dezember 1992 zum Schutz der Privatsph\u00e4re bei der Verarbeitung personenbezogener Daten in der durch das Gesetz vom 11. Dezember 1998 ge\u00e4nderten Fassung sowie dem Gesetz vom 13. Juni 2005 \u00fcber elektronische Datenverarbeitung <\/span><span title=\"communicatie' en andere toepasselijke wetten en reglementen. \">Kommunikation \u201cund andere anwendbare Gesetze und Vorschriften.<\/span><\/p>\n<p><span title=\"Hildegard stelt zich middels huidige Privacy Policy tevens in regel met de Europese Verordening 2016\/679 van 27 april 2016 betreffende de bescherming van persoonsgegevens. \">Hildegard steht auch im Einklang mit der europ\u00e4ischen Verordnung 2016\/679 vom 27. April 2016 zum Schutz personenbezogener Daten durch geltende Datenschutzbestimmungen.<\/span><\/p>\n<p><span id=\"result_box\" class=\"\" lang=\"de\"><span title=\"Hildegard stelt zich middels huidige Privacy Policy tevens in regel met de Europese Verordening 2016\/679 van 27 april 2016 betreffende de bescherming van persoonsgegevens. \"><br \/>\n<\/span><span title=\"2. Persoonsgegevens die verzameld worden \"><strong>2. Erhobene personenbezogene Daten<\/strong><br \/>\n<\/span><span title=\"2.1 De gegevens die je ons meedeelt \">2.1 Die Informationen, die Sie uns zur Verf\u00fcgung stellen<\/span><\/span><\/p>\n<p><span title=\"In het aanmeldingsformulier op de Website: e-mailadres, naam, voornaam, straat, huisnummer, bus, postcode, woonplaats, land, telefoonnummer en eventueel relevante leveringsinformatie.\">Im Anmeldeformular auf der Website: E-Mail-Adresse, Name, Vorname, Stra\u00dfe, Hausnummer, Bus, Postleitzahl, Ort, Land, Telefonnummer und m\u00f6glicherweise relevante Lieferinformationen. <\/span><span title=\"Deze worden bijgehouden in onze systemen om uw bestelling correct te verwerken.\">Diese werden in unseren Systemen gespeichert, um Ihre Bestellung korrekt abzuwickeln. <\/span><span title=\"Op de website zelf worden er geen gegevens bijgehouden. \">Auf der Website selbst werden keine Daten gespeichert.<br \/>\n<\/span><span title=\"2.2 De gegevens die automatisch worden verzameld \">2.2 Die Daten werden automatisch erfasst<\/span><\/p>\n<p><span title=\"Bepaalde gegevens worden verzameld via cookies: zie onderaan in dit document voor onze cookie policy.\">Bestimmte Daten werden \u00fcber Cookies erfasst: Informationen zu unseren Cookies finden Sie am Ende dieses Dokuments. <\/span><span title=\"Bepaalde gegevens kunnen eveneens verzameld worden zonder in cookies opgeslagen te zijn. \">Bestimmte Daten k\u00f6nnen auch erfasst werden, ohne in Cookies gespeichert zu werden.<\/span><\/p>\n<p><span title=\"Wij verzamelen anonieme statistieken (uitsluitend gedurende jouw bezoek aan de Website) zoals welke pagina's er worden bekeken en we maken gebruik van demografische en interesserapporten van Google Analytics op basis van display-advertenties.\">Wir erfassen anonyme Statistiken (nur w\u00e4hrend Ihres Besuchs auf der Website), z. B. welche Seiten angezeigt werden, und wir verwenden demografische Berichte und Interessenberichte von Google Analytics basierend auf Display-Anzeigen. <\/span><span title=\"Ook uw IP-adres kan worden opgeslagen voor anonieme statistische analyses.\">Ihre IP-Adresse kann auch f\u00fcr anonyme statistische Analysen gespeichert werden. <\/span><span title=\"Mogelijks weten ook derden, zoals Facebook en Twitter, dat u deze website heeft bezocht (als u gebruik maakt van hun diensten en de widgets inlaadt). \">Dritte wie Facebook und Twitter haben m\u00f6glicherweise auch gewusst, dass Sie diese Website besucht haben (wenn Sie ihre Dienste nutzen und die Widgets laden).<\/span><\/p>\n<p><span id=\"result_box\" class=\"\" lang=\"de\"><span title=\"Mogelijks weten ook derden, zoals Facebook en Twitter, dat u deze website heeft bezocht (als u gebruik maakt van hun diensten en de widgets inlaadt). \"><br \/>\n<\/span><span title=\"3. Doeleinden van de verwerking \"><strong>3. Zwecke der Verarbeitung<\/strong><br \/>\n<\/span><span title=\"3.1 Algemene doeleinden \">3.1 Allgemeine Zwecke<\/span><\/span><\/p>\n<p><span title=\"Jouw persoonsgegevens worden verzameld om: \">Ihre pers\u00f6nlichen Daten werden gesammelt an:<\/span><\/p>\n<p><span title=\"Het beheer van uw account op deze Website met het oog op het gebruik van onze website, met als rechtsgrond de uitvoering van een overeenkomst die door u werd gevraagd, en, indien aangegeven door u, eveneens het toezenden van direct marketing, met als rechtsgrond uw\">Die Verwaltung Ihres Kontos auf dieser Website im Hinblick auf die Nutzung unserer Website, als rechtliche Grundlage f\u00fcr die Ausf\u00fchrung eines von Ihnen gew\u00fcnschten Vertrags und, sofern von Ihnen angegeben, auch das Versenden von Direktmarketing, als rechtliche Grundlage f\u00fcr Ihre <\/span><span title=\"expliciete, voorafgaande toestemming; \">ausdr\u00fcckliche vorherige Zustimmung;<br \/>\n<\/span><span title=\"Het verstrekken van informatie, het verzenden van e-mails met verschillende aanbiedingen die je zouden kunnen interesseren; \">Bereitstellung von Informationen, Versenden von E-Mails mit verschiedenen Angeboten, die Sie interessieren k\u00f6nnten;<br \/>\n<\/span><span title=\"De technische administratie van de Website te beheren; \">Verwalten Sie die technische Administration der Website.<br \/>\n<\/span><span title=\"Na de gegevens anoniem te hebben gemaakt, statistieken op te maken of enqu\u00eates uit te voeren met betrekking tot het aantal bezoeken van de verschillende onderdelen van de Website. \">Nachdem Sie die Daten anonymisiert haben, erstellen Sie Statistiken oder f\u00fchren Sie Umfragen zur Anzahl der Besuche der verschiedenen Teile der Website durch.<\/span><\/p>\n<p><span id=\"result_box\" class=\"\" lang=\"de\"><span title=\"Na de gegevens anoniem te hebben gemaakt, statistieken op te maken of enqu\u00eates uit te voeren met betrekking tot het aantal bezoeken van de verschillende onderdelen van de Website. \"><br \/>\n<\/span><span title=\"3.2 Direct marketing en mededeling aan derden \">3.2 Direktmarketing und Kommunikation mit Dritten<\/span><\/span><\/p>\n<p><span title=\"Jouw persoonsgegevens worden strikt vertrouwelijk gehouden en worden in geen geval meegedeeld aan derden, tenzij dit noodzakelijk is voor het leveren van onze diensten aan u, of gebruikt voor doeleinden van direct marketing, tenzij Hildegard hiervoor jouw expliciete voorafgaande toestemming heeft verkregen (\u201copt-in\">Ihre personenbezogenen Daten werden streng vertraulich behandelt und keinesfalls an Dritte weitergegeben, es sei denn, dies ist f\u00fcr die Erbringung unserer Dienstleistungen f\u00fcr Sie erforderlich oder wird f\u00fcr Direktmarketingzwecke verwendet, es sei denn, Hildegard hat hierf\u00fcr Ihre ausdr\u00fcckliche vorherige Zustimmung (&#8222;Opt-in&#8220;) erhalten. <\/span><span title=\"\u201d) bij je Aanmelding. \">&#8222;) Mit Ihrer Anmeldung.<\/span><\/p>\n<p><span title=\"Deze toestemming kan op elk moment worden ingetrokken, zonder motivering en gratis door verzending van een e-mail aan (hildegard@hildegard.info). \">Diese Erlaubnis kann jederzeit ohne Angabe von Gr\u00fcnden und kostenlos durch eine E-Mail an (hildegard@hildegard.info) widerrufen werden.<\/span><\/p>\n<p><span id=\"result_box\" class=\"\" lang=\"de\"><span title=\"Deze toestemming kan op elk moment worden ingetrokken, zonder motivering en gratis door verzending van een e-mail aan (hildegard@hildegard.info). \"><br \/>\n<\/span><span title=\"3.3 Doorgifte aan derden: \">3.3 Weitergabe an Dritte<\/span><\/span><\/p>\n<p><span title=\"Hildegard zal uw Persoonsgegevens niet verkopen, noch verhuren, verdelen of anderszins commercieel ter beschikking stellen aan derden, behalve zoals bovenstaand beschreven of tenzij met uw voorafgaande toestemming. \">Hildegard wird Ihre personenbezogenen Daten weder verkaufen noch vermieten, verbreiten oder anderweitig kommerziell verf\u00fcgbar machen, au\u00dfer wie oben beschrieben oder mit Ihrer vorherigen Zustimmung.<\/span><\/p>\n<p><span title=\"Bij gehele of gedeeltelijk reorganisatie of overdracht van activiteiten van Hildegard, waarbij zij haar bedrijfsactiviteiten reorganiseert, overdraagt, staakt of indien Hildegard failliet gaat, kan zulks betekenen dat uw gegevens aan nieuwe entiteiten of derden middels welke de bedrijfsactiviteiten van Hildegard geheel of gedeeltelijk worden uitgevoerd,\">Im Falle einer vollst\u00e4ndigen oder teilweisen Reorganisation oder \u00dcbertragung der Aktivit\u00e4ten von Hildegard, bei deren Umstrukturierung, Versetzung, Einstellung oder bei Konkurs von Hildegard k\u00f6nnen Ihre Daten an neue Unternehmen oder Dritte \u00fcbertragen werden, durch die die Gesch\u00e4ftst\u00e4tigkeit von Hildegard ganz oder teilweise ausgef\u00fchrt wird. <\/span><span title=\"worden overgedragen.\">\u00fcbertragen werden. <\/span><span title=\"Hildegard zal in redelijkheid pogen u van tevoren op de hoogte te stellen van het feit dat Hildegard uw gegevens aan genoemde derde bekendmaakt, maar u erkent tevens dat dit niet onder alle omstandigheden technisch of commercieel haalbaar is. \">Hildegard wird vern\u00fcnftigerweise versuchen, Sie im Voraus \u00fcber die Tatsache zu informieren, dass Hildegard Ihre Daten an den genannten Dritten weitergibt, Sie erkennen jedoch auch an, dass dies technisch und kommerziell nicht unter allen Umst\u00e4nden m\u00f6glich ist.<\/span><\/p>\n<p><span id=\"result_box\" class=\"\" lang=\"de\"><span title=\"Hildegard zal in redelijkheid pogen u van tevoren op de hoogte te stellen van het feit dat Hildegard uw gegevens aan genoemde derde bekendmaakt, maar u erkent tevens dat dit niet onder alle omstandigheden technisch of commercieel haalbaar is. \"><br \/>\n<\/span><span title=\"3.4 Wettelijke vereisten: \">3.4 Gesetzliche Anforderungen:<\/span><\/span><\/p>\n<p><span title=\"In zeldzame gevallen kan het voorkomen dat Hildegard uw Persoonsgegevens ingevolge een gerechtelijk bevel of om te voldoen aan andere dwingende wet- of regelgeving moet onthullen.\">In seltenen F\u00e4llen muss Hildegard m\u00f6glicherweise Ihre personenbezogenen Daten aufgrund einer gerichtlichen Anordnung offenlegen oder andere zwingende Gesetze oder Vorschriften einhalten. <\/span><span title=\"Hildegard zal in redelijkheid pogen u van tevoren dienaangaande te informeren, tenzij een en ander aan wettelijke beperkingen onderhevig is.\">Hildegard wird angemessen versuchen, Sie diesbez\u00fcglich im Voraus zu informieren, sofern dies nicht rechtlichen Beschr\u00e4nkungen unterliegt. <\/span><span title=\"Op verzoek kunnen jouw gegevens bij ernstige overtredingen van de wet aan de bevoegde autoriteiten (Politie en Justitie) worden verstrekt. \">Auf Anfrage k\u00f6nnen Ihre Daten bei schwerwiegenden Gesetzesverst\u00f6\u00dfen den zust\u00e4ndigen Beh\u00f6rden (Polizei und Justiz) zur Verf\u00fcgung gestellt werden.<\/span><\/p>\n<p><span id=\"result_box\" class=\"\" lang=\"de\"><strong><span title=\"Op verzoek kunnen jouw gegevens bij ernstige overtredingen van de wet aan de bevoegde autoriteiten (Politie en Justitie) worden verstrekt. \"><br \/>\n<\/span><\/strong><span title=\"4. Duur van het bijhouden van de gegevens \"><strong>4. Dauer der Aufbewahrung der Daten<\/strong><\/span><\/span><\/p>\n<p><span title=\"Alle persoonsgegevens worden bewaard voor een periode die noodzakelijk is om de dienst te leveren door Hildegard.\">Alle pers\u00f6nlichen Daten werden f\u00fcr einen Zeitraum gespeichert, der erforderlich ist, um den Dienst von Hildegard zu erbringen. <\/span><span title=\"Al de data wordt bijgehouden voor onb\">Alle Daten werden f\u00fcr un aufbewahrt<\/span><\/p>\n<p>&nbsp;<\/p>\n<div id=\"ConnectiveDocSignExtentionInstalled\" data-extension-version=\"1.0.4\"><\/div>\n","protected":false},"excerpt":{"rendered":"<p>1. Allgemeines Die Apotheke Hildegard (Hildegard NV) mit Sitz in August de Boeckstraat 45, 1140 Br\u00fcssel, Belgien, die bei der belgischen Crossroads Bank for Enterprises unter der Nummer BE 0428.847.688 (nachstehend &#8222;Hildegard&#8220;) eingetragen ist, ist f\u00fcr die Verarbeitung Ihrer personenbezogenen Daten verantwortlich auf der Website https:\/\/www.apotheekHildegard.be, https:\/\/www.pharmacieHildegard.be; https:\/\/www.pharmacieHildegard.fr, https:\/\/www.apothekeHildegard.de, https:\/\/www.Hildegard.info, https:\/\/www.Hildegardonline.com Als belgisches Unternehmen folgt [&hellip;]<\/p>\n","protected":false},"author":7,"featured_media":0,"parent":0,"menu_order":0,"comment_status":"closed","ping_status":"closed","template":"","meta":{"footnotes":""},"class_list":["post-1500","page","type-page","status-publish","hentry"],"yoast_head":"<!-- This site is optimized with the Yoast SEO plugin v27.4 - https:\/\/yoast.com\/product\/yoast-seo-wordpress\/ -->\n<title>Datenschutzrichtlinie - Apotheek Hildegard<\/title>\n<meta name=\"robots\" content=\"index, follow, max-snippet:-1, max-image-preview:large, max-video-preview:-1\" \/>\n<link rel=\"canonical\" href=\"https:\/\/www.apotheekhildegard.be\/de\/privacy-policy\/\" \/>\n<meta property=\"og:locale\" content=\"de_DE\" \/>\n<meta property=\"og:type\" content=\"article\" \/>\n<meta property=\"og:title\" content=\"Datenschutzrichtlinie - Apotheek Hildegard\" \/>\n<meta property=\"og:description\" content=\"1. Allgemeines Die Apotheke Hildegard (Hildegard NV) mit Sitz in August de Boeckstraat 45, 1140 Br\u00fcssel, Belgien, die bei der belgischen Crossroads Bank for Enterprises unter der Nummer BE 0428.847.688 (nachstehend &#8222;Hildegard&#8220;) eingetragen ist, ist f\u00fcr die Verarbeitung Ihrer personenbezogenen Daten verantwortlich auf der Website https:\/\/www.apotheekHildegard.be, https:\/\/www.pharmacieHildegard.be; https:\/\/www.pharmacieHildegard.fr, https:\/\/www.apothekeHildegard.de, https:\/\/www.Hildegard.info, https:\/\/www.Hildegardonline.com Als belgisches Unternehmen folgt [&hellip;]\" \/>\n<meta property=\"og:url\" content=\"https:\/\/www.apotheekhildegard.be\/de\/privacy-policy\/\" \/>\n<meta property=\"og:site_name\" content=\"Apotheek Hildegard\" \/>\n<meta property=\"article:modified_time\" content=\"2018-11-11T18:54:19+00:00\" \/>\n<meta name=\"twitter:card\" content=\"summary_large_image\" \/>\n<meta name=\"twitter:label1\" content=\"Gesch\u00e4tzte Lesezeit\" \/>\n\t<meta name=\"twitter:data1\" content=\"3\u00a0Minuten\" \/>\n<script type=\"application\/ld+json\" class=\"yoast-schema-graph\">{\"@context\":\"https:\\\/\\\/schema.org\",\"@graph\":[{\"@type\":\"WebPage\",\"@id\":\"https:\\\/\\\/www.apotheekhildegard.be\\\/de\\\/privacy-policy\\\/\",\"url\":\"https:\\\/\\\/www.apotheekhildegard.be\\\/de\\\/privacy-policy\\\/\",\"name\":\"Datenschutzrichtlinie - Apotheek Hildegard\",\"isPartOf\":{\"@id\":\"https:\\\/\\\/www.apotheekhildegard.be\\\/fr\\\/#website\"},\"datePublished\":\"2018-11-11T18:52:08+00:00\",\"dateModified\":\"2018-11-11T18:54:19+00:00\",\"breadcrumb\":{\"@id\":\"https:\\\/\\\/www.apotheekhildegard.be\\\/de\\\/privacy-policy\\\/#breadcrumb\"},\"inLanguage\":\"de\",\"potentialAction\":[{\"@type\":\"ReadAction\",\"target\":[\"https:\\\/\\\/www.apotheekhildegard.be\\\/de\\\/privacy-policy\\\/\"]}]},{\"@type\":\"BreadcrumbList\",\"@id\":\"https:\\\/\\\/www.apotheekhildegard.be\\\/de\\\/privacy-policy\\\/#breadcrumb\",\"itemListElement\":[{\"@type\":\"ListItem\",\"position\":1,\"name\":\"Home\",\"item\":\"https:\\\/\\\/www.apotheekhildegard.be\\\/de\\\/\"},{\"@type\":\"ListItem\",\"position\":2,\"name\":\"Datenschutzrichtlinie\"}]},{\"@type\":\"WebSite\",\"@id\":\"https:\\\/\\\/www.apotheekhildegard.be\\\/fr\\\/#website\",\"url\":\"https:\\\/\\\/www.apotheekhildegard.be\\\/fr\\\/\",\"name\":\"Apotheek Hildegard\",\"description\":\"\",\"publisher\":{\"@id\":\"https:\\\/\\\/www.apotheekhildegard.be\\\/fr\\\/#organization\"},\"potentialAction\":[{\"@type\":\"SearchAction\",\"target\":{\"@type\":\"EntryPoint\",\"urlTemplate\":\"https:\\\/\\\/www.apotheekhildegard.be\\\/fr\\\/?s={search_term_string}\"},\"query-input\":{\"@type\":\"PropertyValueSpecification\",\"valueRequired\":true,\"valueName\":\"search_term_string\"}}],\"inLanguage\":\"de\"},{\"@type\":\"Organization\",\"@id\":\"https:\\\/\\\/www.apotheekhildegard.be\\\/fr\\\/#organization\",\"name\":\"Hildegard\",\"url\":\"https:\\\/\\\/www.apotheekhildegard.be\\\/fr\\\/\",\"logo\":{\"@type\":\"ImageObject\",\"inLanguage\":\"de\",\"@id\":\"https:\\\/\\\/www.apotheekhildegard.be\\\/fr\\\/#\\\/schema\\\/logo\\\/image\\\/\",\"url\":\"https:\\/\\/www.apotheekhildegard.be\\/wp-content\\/uploads\\/2018\\/10\\/Apotheek-FR-NLGrijs.png\",\"contentUrl\":\"https:\\/\\/www.apotheekhildegard.be\\/wp-content\\/uploads\\/2018\\/10\\/Apotheek-FR-NLGrijs.png\",\"width\":1414,\"height\":528,\"caption\":\"Hildegard\"},\"image\":{\"@id\":\"https:\\\/\\\/www.apotheekhildegard.be\\\/fr\\\/#\\\/schema\\\/logo\\\/image\\\/\"}}]}<\/script>\n<!-- \/ Yoast SEO plugin. -->","yoast_head_json":{"title":"Datenschutzrichtlinie - Apotheek Hildegard","robots":{"index":"index","follow":"follow","max-snippet":"max-snippet:-1","max-image-preview":"max-image-preview:large","max-video-preview":"max-video-preview:-1"},"canonical":"https:\/\/www.apotheekhildegard.be\/de\/privacy-policy\/","og_locale":"de_DE","og_type":"article","og_title":"Datenschutzrichtlinie - Apotheek Hildegard","og_description":"1. Allgemeines Die Apotheke Hildegard (Hildegard NV) mit Sitz in August de Boeckstraat 45, 1140 Br\u00fcssel, Belgien, die bei der belgischen Crossroads Bank for Enterprises unter der Nummer BE 0428.847.688 (nachstehend &#8222;Hildegard&#8220;) eingetragen ist, ist f\u00fcr die Verarbeitung Ihrer personenbezogenen Daten verantwortlich auf der Website https:\/\/www.apotheekHildegard.be, https:\/\/www.pharmacieHildegard.be; https:\/\/www.pharmacieHildegard.fr, https:\/\/www.apothekeHildegard.de, https:\/\/www.Hildegard.info, https:\/\/www.Hildegardonline.com Als belgisches Unternehmen folgt [&hellip;]","og_url":"https:\/\/www.apotheekhildegard.be\/de\/privacy-policy\/","og_site_name":"Apotheek Hildegard","article_modified_time":"2018-11-11T18:54:19+00:00","twitter_card":"summary_large_image","twitter_misc":{"Gesch\u00e4tzte Lesezeit":"3\u00a0Minuten"},"schema":{"@context":"https:\/\/schema.org","@graph":[{"@type":"WebPage","@id":"https:\/\/www.apotheekhildegard.be\/de\/privacy-policy\/","url":"https:\/\/www.apotheekhildegard.be\/de\/privacy-policy\/","name":"Datenschutzrichtlinie - Apotheek Hildegard","isPartOf":{"@id":"https:\/\/www.apotheekhildegard.be\/fr\/#website"},"datePublished":"2018-11-11T18:52:08+00:00","dateModified":"2018-11-11T18:54:19+00:00","breadcrumb":{"@id":"https:\/\/www.apotheekhildegard.be\/de\/privacy-policy\/#breadcrumb"},"inLanguage":"de","potentialAction":[{"@type":"ReadAction","target":["https:\/\/www.apotheekhildegard.be\/de\/privacy-policy\/"]}]},{"@type":"BreadcrumbList","@id":"https:\/\/www.apotheekhildegard.be\/de\/privacy-policy\/#breadcrumb","itemListElement":[{"@type":"ListItem","position":1,"name":"Home","item":"https:\/\/www.apotheekhildegard.be\/de\/"},{"@type":"ListItem","position":2,"name":"Datenschutzrichtlinie"}]},{"@type":"WebSite","@id":"https:\/\/www.apotheekhildegard.be\/fr\/#website","url":"https:\/\/www.apotheekhildegard.be\/fr\/","name":"Apotheek Hildegard","description":"","publisher":{"@id":"https:\/\/www.apotheekhildegard.be\/fr\/#organization"},"potentialAction":[{"@type":"SearchAction","target":{"@type":"EntryPoint","urlTemplate":"https:\/\/www.apotheekhildegard.be\/fr\/?s={search_term_string}"},"query-input":{"@type":"PropertyValueSpecification","valueRequired":true,"valueName":"search_term_string"}}],"inLanguage":"de"},{"@type":"Organization","@id":"https:\/\/www.apotheekhildegard.be\/fr\/#organization","name":"Hildegard","url":"https:\/\/www.apotheekhildegard.be\/fr\/","logo":{"@type":"ImageObject","inLanguage":"de","@id":"https:\/\/www.apotheekhildegard.be\/fr\/#\/schema\/logo\/image\/","url":"https:\/\/mlau4lb7mmd5.i.optimole.com\/w:auto\/h:auto\/q:mauto\/f:best\/ig:avif\/https:\/\/www.apotheekhildegard.be\/wp-content\/uploads\/2018\/10\/Apotheek-FR-NLGrijs.png","contentUrl":"https:\/\/mlau4lb7mmd5.i.optimole.com\/w:auto\/h:auto\/q:mauto\/f:best\/ig:avif\/https:\/\/www.apotheekhildegard.be\/wp-content\/uploads\/2018\/10\/Apotheek-FR-NLGrijs.png","width":1414,"height":528,"caption":"Hildegard"},"image":{"@id":"https:\/\/www.apotheekhildegard.be\/fr\/#\/schema\/logo\/image\/"}}]}},"_links":{"self":[{"href":"https:\/\/www.apotheekhildegard.be\/de\/wp-json\/wp\/v2\/pages\/1500","targetHints":{"allow":["GET"]}}],"collection":[{"href":"https:\/\/www.apotheekhildegard.be\/de\/wp-json\/wp\/v2\/pages"}],"about":[{"href":"https:\/\/www.apotheekhildegard.be\/de\/wp-json\/wp\/v2\/types\/page"}],"author":[{"embeddable":true,"href":"https:\/\/www.apotheekhildegard.be\/de\/wp-json\/wp\/v2\/users\/7"}],"replies":[{"embeddable":true,"href":"https:\/\/www.apotheekhildegard.be\/de\/wp-json\/wp\/v2\/comments?post=1500"}],"version-history":[{"count":4,"href":"https:\/\/www.apotheekhildegard.be\/de\/wp-json\/wp\/v2\/pages\/1500\/revisions"}],"predecessor-version":[{"id":1504,"href":"https:\/\/www.apotheekhildegard.be\/de\/wp-json\/wp\/v2\/pages\/1500\/revisions\/1504"}],"wp:attachment":[{"href":"https:\/\/www.apotheekhildegard.be\/de\/wp-json\/wp\/v2\/media?parent=1500"}],"curies":[{"name":"wp","href":"https:\/\/api.w.org\/{rel}","templated":true}]}}